{"id":271,"date":"2025-12-21T21:21:42","date_gmt":"2025-12-21T21:21:42","guid":{"rendered":"https:\/\/loja-magistao.com.br\/?page_id=271"},"modified":"2026-04-09T18:05:14","modified_gmt":"2026-04-09T21:05:14","slug":"projeto-iluminar","status":"publish","type":"page","link":"https:\/\/magistao.com.br\/loja\/projeto-iluminar\/","title":{"rendered":"Projeto Iluminar"},"content":{"rendered":"\n<div class=\"wp-block-group magis-iluminar-hero has-background has-border-color\" style=\"border-color:#e0ebe4;border-width:1px;border-radius:12px;background-color:#f7f8f6;padding-top:40px;padding-right:32px;padding-bottom:40px;padding-left:32px\"><div class=\"wp-block-group__inner-container is-layout-flow wp-block-group-is-layout-flow\">\n\n\n<div class=\"wp-block-columns are-vertically-aligned-center is-layout-flex wp-container-core-columns-is-layout-fa699a49 wp-block-columns-is-layout-flex\">\n\n\n<div class=\"wp-block-column is-layout-flow wp-block-column-is-layout-flow\" style=\"flex-basis:55%\">\n<div class=\"wp-block-image\">\n<figure class=\"aligncenter size-large\"><img loading=\"lazy\" decoding=\"async\" width=\"940\" height=\"788\" src=\"https:\/\/magistao.com.br\/loja\/wp-content\/uploads\/2026\/04\/livro-conhecimento-nobg.png\" alt=\"O Conhecimento \u2014 Projeto Iluminar\" class=\"wp-image-1644\" style=\"width:100%;height:auto\" srcset=\"https:\/\/magistao.com.br\/loja\/wp-content\/uploads\/2026\/04\/livro-conhecimento-nobg.png 940w, https:\/\/magistao.com.br\/loja\/wp-content\/uploads\/2026\/04\/livro-conhecimento-nobg-300x251.png 300w, https:\/\/magistao.com.br\/loja\/wp-content\/uploads\/2026\/04\/livro-conhecimento-nobg-768x644.png 768w, https:\/\/magistao.com.br\/loja\/wp-content\/uploads\/2026\/04\/livro-conhecimento-nobg-416x349.png 416w\" sizes=\"auto, (max-width: 940px) 100vw, 940px\" \/><\/figure>\n<\/div>\n<\/div>\n\n\n\n<div class=\"wp-block-column is-layout-flow wp-block-column-is-layout-flow\" style=\"flex-basis:45%\">\n\n\n<h2 class=\"wp-block-heading has-text-align-center has-text-color has-link-color wp-elements-99f4ee688700715ca44a11d01516f112\" style=\"color:#1e6f43\"><em>Projeto Iluminar<\/em><\/h2>\n\n\n\n<p class=\"has-text-color has-link-color wp-elements-aaec5656951c37b7acc549e18f909c8f\" style=\"color:#6b6b6b\">Uma iniciativa cultural que acredita que conhecimento tamb\u00e9m \u00e9 cuidado.<\/p>\n\n\n\n<p>O Projeto Iluminar nasceu da cren\u00e7a de que o conhecimento, quando compartilhado com responsabilidade, transforma vidas.<\/p>\n\n\n\n<p>O livro <strong>&#8220;O Conhecimento (como voc\u00ea nunca conheceu)&#8221;<\/strong> n\u00e3o \u00e9 comercializado. Ele circula por meio de uma corrente consciente \u2014 onde cada pessoa recebe n\u00e3o apenas um livro, mas uma ideia, um convite \u00e0 reflex\u00e3o e ao crescimento.<\/p>\n\n\n\n<p>A Magis-TAO apoia o Projeto Iluminar porque entende que cuidar da sa\u00fade tamb\u00e9m envolve clareza, consci\u00eancia e escolhas bem orientadas.<\/p>\n\n\n<\/div>\n\n\n<\/div>\n\n\n<\/div><\/div>\n\n\n\n<div style=\"height:48px\" aria-hidden=\"true\" class=\"wp-block-spacer\"><\/div>\n\n\n\n<div class=\"wp-block-columns magis-purpose-cards is-layout-flex wp-container-core-columns-is-layout-ea2d2580 wp-block-columns-is-layout-flex\">\n\n\n<div class=\"wp-block-column magis-purpose-card is-layout-flow wp-block-column-is-layout-flow\">\n\n<h4 class=\"wp-block-heading has-text-align-center has-text-color has-link-color wp-elements-556e0863deabe5b6b297bbee63402b21\" style=\"color:#1e6f43\">Herdeiro da Luz<\/h4>\n\n\n<p class=\"has-text-align-center\">Quem recebe o livro, l\u00ea, reflete e acolhe o conhecimento. N\u00e3o h\u00e1 obriga\u00e7\u00e3o \u2014 apenas abertura.<\/p>\n\n<\/div>\n\n\n\n<div class=\"wp-block-column magis-purpose-card is-layout-flow wp-block-column-is-layout-flow\">\n\n<h4 class=\"wp-block-heading has-text-align-center has-text-color has-link-color wp-elements-c8361812bf804bf7a4d33070f77765ec\" style=\"color:#1e6f43\">Irradiador do Saber<\/h4>\n\n\n<p class=\"has-text-align-center\">Quem, ao sentir que faz sentido, escolhe apoiar a continuidade da corrente \u2014 permitindo que o livro chegue a outras pessoas.<\/p>\n\n<\/div>\n\n\n<\/div>\n\n\n\n<div style=\"height:40px\" aria-hidden=\"true\" class=\"wp-block-spacer\"><\/div>\n\n\n\n<p class=\"has-text-align-center has-text-color\" style=\"color:#5a6b5f\">O apoio da Magis-TAO ao Projeto Iluminar \u00e9 um patroc\u00ednio cultural.<br>N\u00e3o h\u00e1 venda, promessa ou benef\u00edcio comercial associado.<\/p>\n\n\n\n<p class=\"has-text-align-center has-text-color\" style=\"color:#5a6b5f\">H\u00e1 apenas a convic\u00e7\u00e3o de que conhecimento, assim como sa\u00fade, deve ser tratado com \u00e9tica, responsabilidade e prop\u00f3sito.<\/p>\n\n\n\n<div style=\"height:32px\" aria-hidden=\"true\" class=\"wp-block-spacer\"><\/div>\n\n\n\n<div class=\"wp-block-buttons is-content-justification-center is-layout-flex wp-container-core-buttons-is-layout-a89b3969 wp-block-buttons-is-layout-flex\">\n<div class=\"wp-block-button\"><a class=\"wp-block-button__link has-white-color has-text-color has-background has-link-color wp-element-button\" href=\"https:\/\/iluminar.social.br\" style=\"background-color:#1e6f43\">Conhecer o Projeto Iluminar<\/a><\/div>\n<\/div>\n","protected":false},"excerpt":{"rendered":"<p>Projeto Iluminar Uma iniciativa cultural que acredita que conhecimento tamb\u00e9m \u00e9 cuidado. O Projeto Iluminar nasceu da cren\u00e7a de que o conhecimento, quando compartilhado com responsabilidade, transforma vidas. O livro &#8220;O Conhecimento (como voc\u00ea nunca conheceu)&#8221; n\u00e3o \u00e9 comercializado. Ele circula por meio de uma corrente consciente \u2014 onde cada pessoa recebe n\u00e3o apenas um [&hellip;]<\/p>\n","protected":false},"author":1,"featured_media":0,"parent":0,"menu_order":0,"comment_status":"closed","ping_status":"closed","template":"","meta":{"_joinchat":[],"footnotes":""},"class_list":["post-271","page","type-page","status-publish","hentry"],"yoast_head":"<!-- This site is optimized with the Yoast SEO plugin v27.3 - https:\/\/yoast.com\/product\/yoast-seo-wordpress\/ -->\n<title>Projeto Iluminar - Magis-TAO<\/title>\n<meta name=\"robots\" content=\"index, follow, max-snippet:-1, max-image-preview:large, max-video-preview:-1\" \/>\n<link rel=\"canonical\" href=\"https:\/\/magistao.com.br\/loja\/projeto-iluminar\/\" \/>\n<meta property=\"og:locale\" content=\"pt_BR\" \/>\n<meta property=\"og:type\" content=\"article\" \/>\n<meta property=\"og:title\" content=\"Projeto Iluminar - Magis-TAO\" \/>\n<meta property=\"og:description\" content=\"Projeto Iluminar Uma iniciativa cultural que acredita que conhecimento tamb\u00e9m \u00e9 cuidado. O Projeto Iluminar nasceu da cren\u00e7a de que o conhecimento, quando compartilhado com responsabilidade, transforma vidas. O livro &#8220;O Conhecimento (como voc\u00ea nunca conheceu)&#8221; n\u00e3o \u00e9 comercializado. Ele circula por meio de uma corrente consciente \u2014 onde cada pessoa recebe n\u00e3o apenas um [&hellip;]\" \/>\n<meta property=\"og:url\" content=\"https:\/\/magistao.com.br\/loja\/projeto-iluminar\/\" \/>\n<meta property=\"og:site_name\" content=\"Magis-TAO\" \/>\n<meta property=\"article:publisher\" content=\"https:\/\/www.facebook.com\/magistao\/\" \/>\n<meta property=\"article:modified_time\" content=\"2026-04-09T21:05:14+00:00\" \/>\n<meta property=\"og:image\" content=\"https:\/\/magistao.com.br\/loja\/wp-content\/uploads\/2026\/04\/livro-conhecimento-nobg.png\" \/>\n\t<meta property=\"og:image:width\" content=\"940\" \/>\n\t<meta property=\"og:image:height\" content=\"788\" \/>\n\t<meta property=\"og:image:type\" content=\"image\/png\" \/>\n<meta name=\"twitter:card\" content=\"summary_large_image\" \/>\n<meta name=\"twitter:label1\" content=\"Est. tempo de leitura\" \/>\n\t<meta name=\"twitter:data1\" content=\"1 minuto\" \/>\n<script type=\"application\/ld+json\" class=\"yoast-schema-graph\">{\"@context\":\"https:\\\/\\\/schema.org\",\"@graph\":[{\"@type\":\"WebPage\",\"@id\":\"https:\\\/\\\/magistao.com.br\\\/loja\\\/projeto-iluminar\\\/\",\"url\":\"https:\\\/\\\/magistao.com.br\\\/loja\\\/projeto-iluminar\\\/\",\"name\":\"Projeto Iluminar - Magis-TAO\",\"isPartOf\":{\"@id\":\"https:\\\/\\\/magistao.com.br\\\/loja\\\/#website\"},\"primaryImageOfPage\":{\"@id\":\"https:\\\/\\\/magistao.com.br\\\/loja\\\/projeto-iluminar\\\/#primaryimage\"},\"image\":{\"@id\":\"https:\\\/\\\/magistao.com.br\\\/loja\\\/projeto-iluminar\\\/#primaryimage\"},\"thumbnailUrl\":\"https:\\\/\\\/magistao.com.br\\\/loja\\\/wp-content\\\/uploads\\\/2026\\\/04\\\/livro-conhecimento-nobg.png\",\"datePublished\":\"2025-12-21T21:21:42+00:00\",\"dateModified\":\"2026-04-09T21:05:14+00:00\",\"breadcrumb\":{\"@id\":\"https:\\\/\\\/magistao.com.br\\\/loja\\\/projeto-iluminar\\\/#breadcrumb\"},\"inLanguage\":\"pt-BR\",\"potentialAction\":[{\"@type\":\"ReadAction\",\"target\":[\"https:\\\/\\\/magistao.com.br\\\/loja\\\/projeto-iluminar\\\/\"]}]},{\"@type\":\"ImageObject\",\"inLanguage\":\"pt-BR\",\"@id\":\"https:\\\/\\\/magistao.com.br\\\/loja\\\/projeto-iluminar\\\/#primaryimage\",\"url\":\"https:\\\/\\\/magistao.com.br\\\/loja\\\/wp-content\\\/uploads\\\/2026\\\/04\\\/livro-conhecimento-nobg.png\",\"contentUrl\":\"https:\\\/\\\/magistao.com.br\\\/loja\\\/wp-content\\\/uploads\\\/2026\\\/04\\\/livro-conhecimento-nobg.png\",\"width\":940,\"height\":788},{\"@type\":\"BreadcrumbList\",\"@id\":\"https:\\\/\\\/magistao.com.br\\\/loja\\\/projeto-iluminar\\\/#breadcrumb\",\"itemListElement\":[{\"@type\":\"ListItem\",\"position\":1,\"name\":\"In\u00edcio\",\"item\":\"https:\\\/\\\/magistao.com.br\\\/loja\\\/\"},{\"@type\":\"ListItem\",\"position\":2,\"name\":\"Projeto Iluminar\"}]},{\"@type\":\"WebSite\",\"@id\":\"https:\\\/\\\/magistao.com.br\\\/loja\\\/#website\",\"url\":\"https:\\\/\\\/magistao.com.br\\\/loja\\\/\",\"name\":\"Magis-TAO\",\"description\":\"Farm\u00e1cia de Manipula\u00e7\u00e3o\",\"publisher\":{\"@id\":\"https:\\\/\\\/magistao.com.br\\\/loja\\\/#organization\"},\"potentialAction\":[{\"@type\":\"SearchAction\",\"target\":{\"@type\":\"EntryPoint\",\"urlTemplate\":\"https:\\\/\\\/magistao.com.br\\\/loja\\\/?s={search_term_string}\"},\"query-input\":{\"@type\":\"PropertyValueSpecification\",\"valueRequired\":true,\"valueName\":\"search_term_string\"}}],\"inLanguage\":\"pt-BR\"},{\"@type\":\"Organization\",\"@id\":\"https:\\\/\\\/magistao.com.br\\\/loja\\\/#organization\",\"name\":\"Magis-TAO\",\"url\":\"https:\\\/\\\/magistao.com.br\\\/loja\\\/\",\"logo\":{\"@type\":\"ImageObject\",\"inLanguage\":\"pt-BR\",\"@id\":\"https:\\\/\\\/magistao.com.br\\\/loja\\\/#\\\/schema\\\/logo\\\/image\\\/\",\"url\":\"https:\\\/\\\/magistao.com.br\\\/loja\\\/wp-content\\\/uploads\\\/2025\\\/12\\\/cropped-Sem-nome-500-x-300-px-500-x-200-px.png\",\"contentUrl\":\"https:\\\/\\\/magistao.com.br\\\/loja\\\/wp-content\\\/uploads\\\/2025\\\/12\\\/cropped-Sem-nome-500-x-300-px-500-x-200-px.png\",\"width\":500,\"height\":172,\"caption\":\"Magis-TAO\"},\"image\":{\"@id\":\"https:\\\/\\\/magistao.com.br\\\/loja\\\/#\\\/schema\\\/logo\\\/image\\\/\"},\"sameAs\":[\"https:\\\/\\\/www.facebook.com\\\/magistao\\\/\"]}]}<\/script>\n<!-- \/ Yoast SEO plugin. -->","yoast_head_json":{"title":"Projeto Iluminar - Magis-TAO","robots":{"index":"index","follow":"follow","max-snippet":"max-snippet:-1","max-image-preview":"max-image-preview:large","max-video-preview":"max-video-preview:-1"},"canonical":"https:\/\/magistao.com.br\/loja\/projeto-iluminar\/","og_locale":"pt_BR","og_type":"article","og_title":"Projeto Iluminar - Magis-TAO","og_description":"Projeto Iluminar Uma iniciativa cultural que acredita que conhecimento tamb\u00e9m \u00e9 cuidado. O Projeto Iluminar nasceu da cren\u00e7a de que o conhecimento, quando compartilhado com responsabilidade, transforma vidas. O livro &#8220;O Conhecimento (como voc\u00ea nunca conheceu)&#8221; n\u00e3o \u00e9 comercializado. Ele circula por meio de uma corrente consciente \u2014 onde cada pessoa recebe n\u00e3o apenas um [&hellip;]","og_url":"https:\/\/magistao.com.br\/loja\/projeto-iluminar\/","og_site_name":"Magis-TAO","article_publisher":"https:\/\/www.facebook.com\/magistao\/","article_modified_time":"2026-04-09T21:05:14+00:00","og_image":[{"width":940,"height":788,"url":"https:\/\/magistao.com.br\/loja\/wp-content\/uploads\/2026\/04\/livro-conhecimento-nobg.png","type":"image\/png"}],"twitter_card":"summary_large_image","twitter_misc":{"Est. tempo de leitura":"1 minuto"},"schema":{"@context":"https:\/\/schema.org","@graph":[{"@type":"WebPage","@id":"https:\/\/magistao.com.br\/loja\/projeto-iluminar\/","url":"https:\/\/magistao.com.br\/loja\/projeto-iluminar\/","name":"Projeto Iluminar - Magis-TAO","isPartOf":{"@id":"https:\/\/magistao.com.br\/loja\/#website"},"primaryImageOfPage":{"@id":"https:\/\/magistao.com.br\/loja\/projeto-iluminar\/#primaryimage"},"image":{"@id":"https:\/\/magistao.com.br\/loja\/projeto-iluminar\/#primaryimage"},"thumbnailUrl":"https:\/\/magistao.com.br\/loja\/wp-content\/uploads\/2026\/04\/livro-conhecimento-nobg.png","datePublished":"2025-12-21T21:21:42+00:00","dateModified":"2026-04-09T21:05:14+00:00","breadcrumb":{"@id":"https:\/\/magistao.com.br\/loja\/projeto-iluminar\/#breadcrumb"},"inLanguage":"pt-BR","potentialAction":[{"@type":"ReadAction","target":["https:\/\/magistao.com.br\/loja\/projeto-iluminar\/"]}]},{"@type":"ImageObject","inLanguage":"pt-BR","@id":"https:\/\/magistao.com.br\/loja\/projeto-iluminar\/#primaryimage","url":"https:\/\/magistao.com.br\/loja\/wp-content\/uploads\/2026\/04\/livro-conhecimento-nobg.png","contentUrl":"https:\/\/magistao.com.br\/loja\/wp-content\/uploads\/2026\/04\/livro-conhecimento-nobg.png","width":940,"height":788},{"@type":"BreadcrumbList","@id":"https:\/\/magistao.com.br\/loja\/projeto-iluminar\/#breadcrumb","itemListElement":[{"@type":"ListItem","position":1,"name":"In\u00edcio","item":"https:\/\/magistao.com.br\/loja\/"},{"@type":"ListItem","position":2,"name":"Projeto Iluminar"}]},{"@type":"WebSite","@id":"https:\/\/magistao.com.br\/loja\/#website","url":"https:\/\/magistao.com.br\/loja\/","name":"Magis-TAO","description":"Farm\u00e1cia de Manipula\u00e7\u00e3o","publisher":{"@id":"https:\/\/magistao.com.br\/loja\/#organization"},"potentialAction":[{"@type":"SearchAction","target":{"@type":"EntryPoint","urlTemplate":"https:\/\/magistao.com.br\/loja\/?s={search_term_string}"},"query-input":{"@type":"PropertyValueSpecification","valueRequired":true,"valueName":"search_term_string"}}],"inLanguage":"pt-BR"},{"@type":"Organization","@id":"https:\/\/magistao.com.br\/loja\/#organization","name":"Magis-TAO","url":"https:\/\/magistao.com.br\/loja\/","logo":{"@type":"ImageObject","inLanguage":"pt-BR","@id":"https:\/\/magistao.com.br\/loja\/#\/schema\/logo\/image\/","url":"https:\/\/magistao.com.br\/loja\/wp-content\/uploads\/2025\/12\/cropped-Sem-nome-500-x-300-px-500-x-200-px.png","contentUrl":"https:\/\/magistao.com.br\/loja\/wp-content\/uploads\/2025\/12\/cropped-Sem-nome-500-x-300-px-500-x-200-px.png","width":500,"height":172,"caption":"Magis-TAO"},"image":{"@id":"https:\/\/magistao.com.br\/loja\/#\/schema\/logo\/image\/"},"sameAs":["https:\/\/www.facebook.com\/magistao\/"]}]}},"_hostinger_reach_plugin_has_subscription_block":false,"_hostinger_reach_plugin_is_elementor":false,"_links":{"self":[{"href":"https:\/\/magistao.com.br\/loja\/wp-json\/wp\/v2\/pages\/271","targetHints":{"allow":["GET"]}}],"collection":[{"href":"https:\/\/magistao.com.br\/loja\/wp-json\/wp\/v2\/pages"}],"about":[{"href":"https:\/\/magistao.com.br\/loja\/wp-json\/wp\/v2\/types\/page"}],"author":[{"embeddable":true,"href":"https:\/\/magistao.com.br\/loja\/wp-json\/wp\/v2\/users\/1"}],"replies":[{"embeddable":true,"href":"https:\/\/magistao.com.br\/loja\/wp-json\/wp\/v2\/comments?post=271"}],"version-history":[{"count":10,"href":"https:\/\/magistao.com.br\/loja\/wp-json\/wp\/v2\/pages\/271\/revisions"}],"predecessor-version":[{"id":1650,"href":"https:\/\/magistao.com.br\/loja\/wp-json\/wp\/v2\/pages\/271\/revisions\/1650"}],"wp:attachment":[{"href":"https:\/\/magistao.com.br\/loja\/wp-json\/wp\/v2\/media?parent=271"}],"curies":[{"name":"wp","href":"https:\/\/api.w.org\/{rel}","templated":true}]}}