{"id":303,"date":"2025-12-22T19:18:30","date_gmt":"2025-12-22T19:18:30","guid":{"rendered":"https:\/\/loja-magistao.com.br\/?page_id=303"},"modified":"2025-12-22T19:18:30","modified_gmt":"2025-12-22T19:18:30","slug":"politica-de-privacidade","status":"publish","type":"page","link":"https:\/\/magistao.com.br\/loja\/politica-de-privacidade\/","title":{"rendered":"Pol\u00edtica de Privacidade"},"content":{"rendered":"\n<h2 class=\"wp-block-heading has-text-color has-link-color wp-elements-770959ad610a918185c207d996299288\" style=\"color:#1e6f43\"><strong>Pol\u00edtica de Privacidade<\/strong><\/h2>\n\n\n\n<p>A Magis-TAO Farm\u00e1cia de Manipula\u00e7\u00e3o respeita a sua privacidade e est\u00e1 comprometida com a prote\u00e7\u00e3o dos dados pessoais de seus clientes e visitantes.<\/p>\n\n\n\n<p><strong>Contato<\/strong><br>Em caso de d\u00favidas sobre esta Pol\u00edtica de Privacidade, entre em contato pelo e-mail contato@loja-magistao.com.br.<\/p>\n\n\n\n<p><strong>Coleta de informa\u00e7\u00f5es<\/strong><br>Coletamos informa\u00e7\u00f5es fornecidas diretamente pelo usu\u00e1rio, como nome, telefone, e-mail, endere\u00e7o e dados necess\u00e1rios para processamento de pedidos e atendimento.<\/p>\n\n\n\n<p><strong>Uso das informa\u00e7\u00f5es<\/strong><br>Os dados coletados s\u00e3o utilizados para:<br>\u2013 Processar pedidos e pagamentos<br>\u2013 Realizar atendimento e suporte<br>\u2013 Cumprir obriga\u00e7\u00f5es legais e regulat\u00f3rias<br>\u2013 Melhorar a experi\u00eancia do usu\u00e1rio no site<\/p>\n\n\n\n<p><strong>Compartilhamento de dados<\/strong><br>N\u00e3o compartilhamos dados pessoais com terceiros, exceto quando necess\u00e1rio para cumprimento de obriga\u00e7\u00f5es legais ou execu\u00e7\u00e3o dos servi\u00e7os contratados.<\/p>\n\n\n\n<p><strong>Seguran\u00e7a das informa\u00e7\u00f5es<\/strong><br>Adotamos medidas t\u00e9cnicas e organizacionais para proteger os dados pessoais contra acessos n\u00e3o autorizados.<\/p>\n\n\n\n<p><strong>Cookies<\/strong><br>Utilizamos cookies para melhorar a navega\u00e7\u00e3o e experi\u00eancia no site. O usu\u00e1rio pode desativ\u00e1-los nas configura\u00e7\u00f5es do navegador.<\/p>\n\n\n\n<p><strong>Direitos do titular<\/strong><br>O usu\u00e1rio pode solicitar acesso, corre\u00e7\u00e3o ou exclus\u00e3o de seus dados pessoais a qualquer momento pelo e-mail contato@loja-magistao.com.br.<\/p>\n\n\n\n<p><\/p>\n","protected":false},"excerpt":{"rendered":"<p>Pol\u00edtica de Privacidade A Magis-TAO Farm\u00e1cia de Manipula\u00e7\u00e3o respeita a sua privacidade e est\u00e1 comprometida com a prote\u00e7\u00e3o dos dados pessoais de seus clientes e visitantes. ContatoEm caso de d\u00favidas sobre esta Pol\u00edtica de Privacidade, entre em contato pelo e-mail contato@loja-magistao.com.br. Coleta de informa\u00e7\u00f5esColetamos informa\u00e7\u00f5es fornecidas diretamente pelo usu\u00e1rio, como nome, telefone, e-mail, endere\u00e7o e [&hellip;]<\/p>\n","protected":false},"author":1,"featured_media":0,"parent":0,"menu_order":0,"comment_status":"closed","ping_status":"closed","template":"","meta":{"_joinchat":[],"footnotes":""},"class_list":["post-303","page","type-page","status-publish","hentry"],"yoast_head":"<!-- This site is optimized with the Yoast SEO plugin v27.3 - https:\/\/yoast.com\/product\/yoast-seo-wordpress\/ -->\n<title>Pol\u00edtica de Privacidade - Magis-TAO<\/title>\n<meta name=\"robots\" content=\"index, follow, max-snippet:-1, max-image-preview:large, max-video-preview:-1\" \/>\n<link rel=\"canonical\" href=\"https:\/\/magistao.com.br\/loja\/politica-de-privacidade\/\" \/>\n<meta property=\"og:locale\" content=\"pt_BR\" \/>\n<meta property=\"og:type\" content=\"article\" \/>\n<meta property=\"og:title\" content=\"Pol\u00edtica de Privacidade - Magis-TAO\" \/>\n<meta property=\"og:description\" content=\"Pol\u00edtica de Privacidade A Magis-TAO Farm\u00e1cia de Manipula\u00e7\u00e3o respeita a sua privacidade e est\u00e1 comprometida com a prote\u00e7\u00e3o dos dados pessoais de seus clientes e visitantes. ContatoEm caso de d\u00favidas sobre esta Pol\u00edtica de Privacidade, entre em contato pelo e-mail contato@loja-magistao.com.br. Coleta de informa\u00e7\u00f5esColetamos informa\u00e7\u00f5es fornecidas diretamente pelo usu\u00e1rio, como nome, telefone, e-mail, endere\u00e7o e [&hellip;]\" \/>\n<meta property=\"og:url\" content=\"https:\/\/magistao.com.br\/loja\/politica-de-privacidade\/\" \/>\n<meta property=\"og:site_name\" content=\"Magis-TAO\" \/>\n<meta property=\"article:publisher\" content=\"https:\/\/www.facebook.com\/magistao\/\" \/>\n<meta name=\"twitter:card\" content=\"summary_large_image\" \/>\n<meta name=\"twitter:label1\" content=\"Est. tempo de leitura\" \/>\n\t<meta name=\"twitter:data1\" content=\"1 minuto\" \/>\n<script type=\"application\/ld+json\" class=\"yoast-schema-graph\">{\"@context\":\"https:\\\/\\\/schema.org\",\"@graph\":[{\"@type\":\"WebPage\",\"@id\":\"https:\\\/\\\/magistao.com.br\\\/loja\\\/politica-de-privacidade\\\/\",\"url\":\"https:\\\/\\\/magistao.com.br\\\/loja\\\/politica-de-privacidade\\\/\",\"name\":\"Pol\u00edtica de Privacidade - Magis-TAO\",\"isPartOf\":{\"@id\":\"https:\\\/\\\/magistao.com.br\\\/loja\\\/#website\"},\"datePublished\":\"2025-12-22T19:18:30+00:00\",\"breadcrumb\":{\"@id\":\"https:\\\/\\\/magistao.com.br\\\/loja\\\/politica-de-privacidade\\\/#breadcrumb\"},\"inLanguage\":\"pt-BR\",\"potentialAction\":[{\"@type\":\"ReadAction\",\"target\":[\"https:\\\/\\\/magistao.com.br\\\/loja\\\/politica-de-privacidade\\\/\"]}]},{\"@type\":\"BreadcrumbList\",\"@id\":\"https:\\\/\\\/magistao.com.br\\\/loja\\\/politica-de-privacidade\\\/#breadcrumb\",\"itemListElement\":[{\"@type\":\"ListItem\",\"position\":1,\"name\":\"In\u00edcio\",\"item\":\"https:\\\/\\\/magistao.com.br\\\/loja\\\/\"},{\"@type\":\"ListItem\",\"position\":2,\"name\":\"Pol\u00edtica de Privacidade\"}]},{\"@type\":\"WebSite\",\"@id\":\"https:\\\/\\\/magistao.com.br\\\/loja\\\/#website\",\"url\":\"https:\\\/\\\/magistao.com.br\\\/loja\\\/\",\"name\":\"Magis-TAO\",\"description\":\"Farm\u00e1cia de Manipula\u00e7\u00e3o\",\"publisher\":{\"@id\":\"https:\\\/\\\/magistao.com.br\\\/loja\\\/#organization\"},\"potentialAction\":[{\"@type\":\"SearchAction\",\"target\":{\"@type\":\"EntryPoint\",\"urlTemplate\":\"https:\\\/\\\/magistao.com.br\\\/loja\\\/?s={search_term_string}\"},\"query-input\":{\"@type\":\"PropertyValueSpecification\",\"valueRequired\":true,\"valueName\":\"search_term_string\"}}],\"inLanguage\":\"pt-BR\"},{\"@type\":\"Organization\",\"@id\":\"https:\\\/\\\/magistao.com.br\\\/loja\\\/#organization\",\"name\":\"Magis-TAO\",\"url\":\"https:\\\/\\\/magistao.com.br\\\/loja\\\/\",\"logo\":{\"@type\":\"ImageObject\",\"inLanguage\":\"pt-BR\",\"@id\":\"https:\\\/\\\/magistao.com.br\\\/loja\\\/#\\\/schema\\\/logo\\\/image\\\/\",\"url\":\"https:\\\/\\\/magistao.com.br\\\/loja\\\/wp-content\\\/uploads\\\/2025\\\/12\\\/cropped-Sem-nome-500-x-300-px-500-x-200-px.png\",\"contentUrl\":\"https:\\\/\\\/magistao.com.br\\\/loja\\\/wp-content\\\/uploads\\\/2025\\\/12\\\/cropped-Sem-nome-500-x-300-px-500-x-200-px.png\",\"width\":500,\"height\":172,\"caption\":\"Magis-TAO\"},\"image\":{\"@id\":\"https:\\\/\\\/magistao.com.br\\\/loja\\\/#\\\/schema\\\/logo\\\/image\\\/\"},\"sameAs\":[\"https:\\\/\\\/www.facebook.com\\\/magistao\\\/\"]}]}<\/script>\n<!-- \/ Yoast SEO plugin. -->","yoast_head_json":{"title":"Pol\u00edtica de Privacidade - Magis-TAO","robots":{"index":"index","follow":"follow","max-snippet":"max-snippet:-1","max-image-preview":"max-image-preview:large","max-video-preview":"max-video-preview:-1"},"canonical":"https:\/\/magistao.com.br\/loja\/politica-de-privacidade\/","og_locale":"pt_BR","og_type":"article","og_title":"Pol\u00edtica de Privacidade - Magis-TAO","og_description":"Pol\u00edtica de Privacidade A Magis-TAO Farm\u00e1cia de Manipula\u00e7\u00e3o respeita a sua privacidade e est\u00e1 comprometida com a prote\u00e7\u00e3o dos dados pessoais de seus clientes e visitantes. ContatoEm caso de d\u00favidas sobre esta Pol\u00edtica de Privacidade, entre em contato pelo e-mail contato@loja-magistao.com.br. Coleta de informa\u00e7\u00f5esColetamos informa\u00e7\u00f5es fornecidas diretamente pelo usu\u00e1rio, como nome, telefone, e-mail, endere\u00e7o e [&hellip;]","og_url":"https:\/\/magistao.com.br\/loja\/politica-de-privacidade\/","og_site_name":"Magis-TAO","article_publisher":"https:\/\/www.facebook.com\/magistao\/","twitter_card":"summary_large_image","twitter_misc":{"Est. tempo de leitura":"1 minuto"},"schema":{"@context":"https:\/\/schema.org","@graph":[{"@type":"WebPage","@id":"https:\/\/magistao.com.br\/loja\/politica-de-privacidade\/","url":"https:\/\/magistao.com.br\/loja\/politica-de-privacidade\/","name":"Pol\u00edtica de Privacidade - Magis-TAO","isPartOf":{"@id":"https:\/\/magistao.com.br\/loja\/#website"},"datePublished":"2025-12-22T19:18:30+00:00","breadcrumb":{"@id":"https:\/\/magistao.com.br\/loja\/politica-de-privacidade\/#breadcrumb"},"inLanguage":"pt-BR","potentialAction":[{"@type":"ReadAction","target":["https:\/\/magistao.com.br\/loja\/politica-de-privacidade\/"]}]},{"@type":"BreadcrumbList","@id":"https:\/\/magistao.com.br\/loja\/politica-de-privacidade\/#breadcrumb","itemListElement":[{"@type":"ListItem","position":1,"name":"In\u00edcio","item":"https:\/\/magistao.com.br\/loja\/"},{"@type":"ListItem","position":2,"name":"Pol\u00edtica de Privacidade"}]},{"@type":"WebSite","@id":"https:\/\/magistao.com.br\/loja\/#website","url":"https:\/\/magistao.com.br\/loja\/","name":"Magis-TAO","description":"Farm\u00e1cia de Manipula\u00e7\u00e3o","publisher":{"@id":"https:\/\/magistao.com.br\/loja\/#organization"},"potentialAction":[{"@type":"SearchAction","target":{"@type":"EntryPoint","urlTemplate":"https:\/\/magistao.com.br\/loja\/?s={search_term_string}"},"query-input":{"@type":"PropertyValueSpecification","valueRequired":true,"valueName":"search_term_string"}}],"inLanguage":"pt-BR"},{"@type":"Organization","@id":"https:\/\/magistao.com.br\/loja\/#organization","name":"Magis-TAO","url":"https:\/\/magistao.com.br\/loja\/","logo":{"@type":"ImageObject","inLanguage":"pt-BR","@id":"https:\/\/magistao.com.br\/loja\/#\/schema\/logo\/image\/","url":"https:\/\/magistao.com.br\/loja\/wp-content\/uploads\/2025\/12\/cropped-Sem-nome-500-x-300-px-500-x-200-px.png","contentUrl":"https:\/\/magistao.com.br\/loja\/wp-content\/uploads\/2025\/12\/cropped-Sem-nome-500-x-300-px-500-x-200-px.png","width":500,"height":172,"caption":"Magis-TAO"},"image":{"@id":"https:\/\/magistao.com.br\/loja\/#\/schema\/logo\/image\/"},"sameAs":["https:\/\/www.facebook.com\/magistao\/"]}]}},"_hostinger_reach_plugin_has_subscription_block":false,"_hostinger_reach_plugin_is_elementor":false,"_links":{"self":[{"href":"https:\/\/magistao.com.br\/loja\/wp-json\/wp\/v2\/pages\/303","targetHints":{"allow":["GET"]}}],"collection":[{"href":"https:\/\/magistao.com.br\/loja\/wp-json\/wp\/v2\/pages"}],"about":[{"href":"https:\/\/magistao.com.br\/loja\/wp-json\/wp\/v2\/types\/page"}],"author":[{"embeddable":true,"href":"https:\/\/magistao.com.br\/loja\/wp-json\/wp\/v2\/users\/1"}],"replies":[{"embeddable":true,"href":"https:\/\/magistao.com.br\/loja\/wp-json\/wp\/v2\/comments?post=303"}],"version-history":[{"count":1,"href":"https:\/\/magistao.com.br\/loja\/wp-json\/wp\/v2\/pages\/303\/revisions"}],"predecessor-version":[{"id":304,"href":"https:\/\/magistao.com.br\/loja\/wp-json\/wp\/v2\/pages\/303\/revisions\/304"}],"wp:attachment":[{"href":"https:\/\/magistao.com.br\/loja\/wp-json\/wp\/v2\/media?parent=303"}],"curies":[{"name":"wp","href":"https:\/\/api.w.org\/{rel}","templated":true}]}}