{"id":305,"date":"2025-12-22T19:25:02","date_gmt":"2025-12-22T19:25:02","guid":{"rendered":"https:\/\/loja-magistao.com.br\/?page_id=305"},"modified":"2025-12-22T19:26:57","modified_gmt":"2025-12-22T19:26:57","slug":"termos-de-uso","status":"publish","type":"page","link":"https:\/\/magistao.com.br\/loja\/termos-de-uso\/","title":{"rendered":"Termos de Uso"},"content":{"rendered":"\n<h2 class=\"wp-block-heading has-text-color has-link-color wp-elements-0a1d464a9d82875b4c447bd5120146a8\" style=\"color:#1e6f43\"><strong>Termos de Uso<\/strong><\/h2>\n\n\n\n<p>Este site \u00e9 mantido pela Magis-TAO Farm\u00e1cia de Manipula\u00e7\u00e3o.<\/p>\n\n\n\n<p>Ao acessar este site, o usu\u00e1rio concorda com os termos e condi\u00e7\u00f5es descritos abaixo.<\/p>\n\n\n\n<ol class=\"wp-block-list has-normal-font-size\">\n<li><strong>Finalidade do site<\/strong><br>As informa\u00e7\u00f5es disponibilizadas t\u00eam car\u00e1ter informativo e educativo, n\u00e3o substituindo avalia\u00e7\u00e3o ou prescri\u00e7\u00e3o profissional.<\/li>\n\n\n\n<li><strong>Produtos manipulados<\/strong><br>Os produtos oferecidos s\u00e3o preparados sob prescri\u00e7\u00e3o e\/ou orienta\u00e7\u00e3o profissional, conforme a legisla\u00e7\u00e3o vigente.<\/li>\n\n\n\n<li><strong>Responsabilidade<\/strong><br>A Magis-TAO n\u00e3o se responsabiliza por uso inadequado das informa\u00e7\u00f5es ou produtos sem orienta\u00e7\u00e3o profissional.<\/li>\n\n\n\n<li><strong>Propriedade intelectual<\/strong><br>Todo o conte\u00fado deste site \u00e9 protegido por direitos autorais e n\u00e3o pode ser reproduzido sem autoriza\u00e7\u00e3o.<\/li>\n\n\n\n<li><strong>Altera\u00e7\u00f5es<\/strong><br>A Magis-TAO pode alterar estes Termos de Uso a qualquer momento, sem aviso pr\u00e9vio.<\/li>\n<\/ol>\n","protected":false},"excerpt":{"rendered":"<p>Termos de Uso Este site \u00e9 mantido pela Magis-TAO Farm\u00e1cia de Manipula\u00e7\u00e3o. Ao acessar este site, o usu\u00e1rio concorda com os termos e condi\u00e7\u00f5es descritos abaixo.<\/p>\n","protected":false},"author":1,"featured_media":0,"parent":0,"menu_order":0,"comment_status":"closed","ping_status":"closed","template":"","meta":{"_joinchat":[],"footnotes":""},"class_list":["post-305","page","type-page","status-publish","hentry"],"yoast_head":"<!-- This site is optimized with the Yoast SEO plugin v27.3 - https:\/\/yoast.com\/product\/yoast-seo-wordpress\/ -->\n<title>Termos de Uso - Magis-TAO<\/title>\n<meta name=\"robots\" content=\"index, follow, max-snippet:-1, max-image-preview:large, max-video-preview:-1\" \/>\n<link rel=\"canonical\" href=\"https:\/\/magistao.com.br\/loja\/termos-de-uso\/\" \/>\n<meta property=\"og:locale\" content=\"pt_BR\" \/>\n<meta property=\"og:type\" content=\"article\" \/>\n<meta property=\"og:title\" content=\"Termos de Uso - Magis-TAO\" \/>\n<meta property=\"og:description\" content=\"Termos de Uso Este site \u00e9 mantido pela Magis-TAO Farm\u00e1cia de Manipula\u00e7\u00e3o. Ao acessar este site, o usu\u00e1rio concorda com os termos e condi\u00e7\u00f5es descritos abaixo.\" \/>\n<meta property=\"og:url\" content=\"https:\/\/magistao.com.br\/loja\/termos-de-uso\/\" \/>\n<meta property=\"og:site_name\" content=\"Magis-TAO\" \/>\n<meta property=\"article:publisher\" content=\"https:\/\/www.facebook.com\/magistao\/\" \/>\n<meta property=\"article:modified_time\" content=\"2025-12-22T19:26:57+00:00\" \/>\n<meta name=\"twitter:card\" content=\"summary_large_image\" \/>\n<meta name=\"twitter:label1\" content=\"Est. tempo de leitura\" \/>\n\t<meta name=\"twitter:data1\" content=\"1 minuto\" \/>\n<script type=\"application\/ld+json\" class=\"yoast-schema-graph\">{\"@context\":\"https:\\\/\\\/schema.org\",\"@graph\":[{\"@type\":\"WebPage\",\"@id\":\"https:\\\/\\\/magistao.com.br\\\/loja\\\/termos-de-uso\\\/\",\"url\":\"https:\\\/\\\/magistao.com.br\\\/loja\\\/termos-de-uso\\\/\",\"name\":\"Termos de Uso - Magis-TAO\",\"isPartOf\":{\"@id\":\"https:\\\/\\\/magistao.com.br\\\/loja\\\/#website\"},\"datePublished\":\"2025-12-22T19:25:02+00:00\",\"dateModified\":\"2025-12-22T19:26:57+00:00\",\"breadcrumb\":{\"@id\":\"https:\\\/\\\/magistao.com.br\\\/loja\\\/termos-de-uso\\\/#breadcrumb\"},\"inLanguage\":\"pt-BR\",\"potentialAction\":[{\"@type\":\"ReadAction\",\"target\":[\"https:\\\/\\\/magistao.com.br\\\/loja\\\/termos-de-uso\\\/\"]}]},{\"@type\":\"BreadcrumbList\",\"@id\":\"https:\\\/\\\/magistao.com.br\\\/loja\\\/termos-de-uso\\\/#breadcrumb\",\"itemListElement\":[{\"@type\":\"ListItem\",\"position\":1,\"name\":\"In\u00edcio\",\"item\":\"https:\\\/\\\/magistao.com.br\\\/loja\\\/\"},{\"@type\":\"ListItem\",\"position\":2,\"name\":\"Termos de Uso\"}]},{\"@type\":\"WebSite\",\"@id\":\"https:\\\/\\\/magistao.com.br\\\/loja\\\/#website\",\"url\":\"https:\\\/\\\/magistao.com.br\\\/loja\\\/\",\"name\":\"Magis-TAO\",\"description\":\"Farm\u00e1cia de Manipula\u00e7\u00e3o\",\"publisher\":{\"@id\":\"https:\\\/\\\/magistao.com.br\\\/loja\\\/#organization\"},\"potentialAction\":[{\"@type\":\"SearchAction\",\"target\":{\"@type\":\"EntryPoint\",\"urlTemplate\":\"https:\\\/\\\/magistao.com.br\\\/loja\\\/?s={search_term_string}\"},\"query-input\":{\"@type\":\"PropertyValueSpecification\",\"valueRequired\":true,\"valueName\":\"search_term_string\"}}],\"inLanguage\":\"pt-BR\"},{\"@type\":\"Organization\",\"@id\":\"https:\\\/\\\/magistao.com.br\\\/loja\\\/#organization\",\"name\":\"Magis-TAO\",\"url\":\"https:\\\/\\\/magistao.com.br\\\/loja\\\/\",\"logo\":{\"@type\":\"ImageObject\",\"inLanguage\":\"pt-BR\",\"@id\":\"https:\\\/\\\/magistao.com.br\\\/loja\\\/#\\\/schema\\\/logo\\\/image\\\/\",\"url\":\"https:\\\/\\\/magistao.com.br\\\/loja\\\/wp-content\\\/uploads\\\/2025\\\/12\\\/cropped-Sem-nome-500-x-300-px-500-x-200-px.png\",\"contentUrl\":\"https:\\\/\\\/magistao.com.br\\\/loja\\\/wp-content\\\/uploads\\\/2025\\\/12\\\/cropped-Sem-nome-500-x-300-px-500-x-200-px.png\",\"width\":500,\"height\":172,\"caption\":\"Magis-TAO\"},\"image\":{\"@id\":\"https:\\\/\\\/magistao.com.br\\\/loja\\\/#\\\/schema\\\/logo\\\/image\\\/\"},\"sameAs\":[\"https:\\\/\\\/www.facebook.com\\\/magistao\\\/\"]}]}<\/script>\n<!-- \/ Yoast SEO plugin. -->","yoast_head_json":{"title":"Termos de Uso - Magis-TAO","robots":{"index":"index","follow":"follow","max-snippet":"max-snippet:-1","max-image-preview":"max-image-preview:large","max-video-preview":"max-video-preview:-1"},"canonical":"https:\/\/magistao.com.br\/loja\/termos-de-uso\/","og_locale":"pt_BR","og_type":"article","og_title":"Termos de Uso - Magis-TAO","og_description":"Termos de Uso Este site \u00e9 mantido pela Magis-TAO Farm\u00e1cia de Manipula\u00e7\u00e3o. Ao acessar este site, o usu\u00e1rio concorda com os termos e condi\u00e7\u00f5es descritos abaixo.","og_url":"https:\/\/magistao.com.br\/loja\/termos-de-uso\/","og_site_name":"Magis-TAO","article_publisher":"https:\/\/www.facebook.com\/magistao\/","article_modified_time":"2025-12-22T19:26:57+00:00","twitter_card":"summary_large_image","twitter_misc":{"Est. tempo de leitura":"1 minuto"},"schema":{"@context":"https:\/\/schema.org","@graph":[{"@type":"WebPage","@id":"https:\/\/magistao.com.br\/loja\/termos-de-uso\/","url":"https:\/\/magistao.com.br\/loja\/termos-de-uso\/","name":"Termos de Uso - Magis-TAO","isPartOf":{"@id":"https:\/\/magistao.com.br\/loja\/#website"},"datePublished":"2025-12-22T19:25:02+00:00","dateModified":"2025-12-22T19:26:57+00:00","breadcrumb":{"@id":"https:\/\/magistao.com.br\/loja\/termos-de-uso\/#breadcrumb"},"inLanguage":"pt-BR","potentialAction":[{"@type":"ReadAction","target":["https:\/\/magistao.com.br\/loja\/termos-de-uso\/"]}]},{"@type":"BreadcrumbList","@id":"https:\/\/magistao.com.br\/loja\/termos-de-uso\/#breadcrumb","itemListElement":[{"@type":"ListItem","position":1,"name":"In\u00edcio","item":"https:\/\/magistao.com.br\/loja\/"},{"@type":"ListItem","position":2,"name":"Termos de Uso"}]},{"@type":"WebSite","@id":"https:\/\/magistao.com.br\/loja\/#website","url":"https:\/\/magistao.com.br\/loja\/","name":"Magis-TAO","description":"Farm\u00e1cia de Manipula\u00e7\u00e3o","publisher":{"@id":"https:\/\/magistao.com.br\/loja\/#organization"},"potentialAction":[{"@type":"SearchAction","target":{"@type":"EntryPoint","urlTemplate":"https:\/\/magistao.com.br\/loja\/?s={search_term_string}"},"query-input":{"@type":"PropertyValueSpecification","valueRequired":true,"valueName":"search_term_string"}}],"inLanguage":"pt-BR"},{"@type":"Organization","@id":"https:\/\/magistao.com.br\/loja\/#organization","name":"Magis-TAO","url":"https:\/\/magistao.com.br\/loja\/","logo":{"@type":"ImageObject","inLanguage":"pt-BR","@id":"https:\/\/magistao.com.br\/loja\/#\/schema\/logo\/image\/","url":"https:\/\/magistao.com.br\/loja\/wp-content\/uploads\/2025\/12\/cropped-Sem-nome-500-x-300-px-500-x-200-px.png","contentUrl":"https:\/\/magistao.com.br\/loja\/wp-content\/uploads\/2025\/12\/cropped-Sem-nome-500-x-300-px-500-x-200-px.png","width":500,"height":172,"caption":"Magis-TAO"},"image":{"@id":"https:\/\/magistao.com.br\/loja\/#\/schema\/logo\/image\/"},"sameAs":["https:\/\/www.facebook.com\/magistao\/"]}]}},"_hostinger_reach_plugin_has_subscription_block":false,"_hostinger_reach_plugin_is_elementor":false,"_links":{"self":[{"href":"https:\/\/magistao.com.br\/loja\/wp-json\/wp\/v2\/pages\/305","targetHints":{"allow":["GET"]}}],"collection":[{"href":"https:\/\/magistao.com.br\/loja\/wp-json\/wp\/v2\/pages"}],"about":[{"href":"https:\/\/magistao.com.br\/loja\/wp-json\/wp\/v2\/types\/page"}],"author":[{"embeddable":true,"href":"https:\/\/magistao.com.br\/loja\/wp-json\/wp\/v2\/users\/1"}],"replies":[{"embeddable":true,"href":"https:\/\/magistao.com.br\/loja\/wp-json\/wp\/v2\/comments?post=305"}],"version-history":[{"count":2,"href":"https:\/\/magistao.com.br\/loja\/wp-json\/wp\/v2\/pages\/305\/revisions"}],"predecessor-version":[{"id":308,"href":"https:\/\/magistao.com.br\/loja\/wp-json\/wp\/v2\/pages\/305\/revisions\/308"}],"wp:attachment":[{"href":"https:\/\/magistao.com.br\/loja\/wp-json\/wp\/v2\/media?parent=305"}],"curies":[{"name":"wp","href":"https:\/\/api.w.org\/{rel}","templated":true}]}}