{"id":309,"date":"2025-12-22T19:31:36","date_gmt":"2025-12-22T19:31:36","guid":{"rendered":"https:\/\/loja-magistao.com.br\/?page_id=309"},"modified":"2025-12-22T19:31:37","modified_gmt":"2025-12-22T19:31:37","slug":"politica-de-troca-e-cancelamento","status":"publish","type":"page","link":"https:\/\/magistao.com.br\/loja\/politica-de-troca-e-cancelamento\/","title":{"rendered":"Pol\u00edtica de Troca e Cancelamento"},"content":{"rendered":"\n<h2 class=\"wp-block-heading has-text-color has-link-color wp-elements-e6b3574cc6c6583185e74eba52d108cc\" style=\"color:#1e6f43\"><strong>Pol\u00edtica de Troca e Cancelamento<\/strong><\/h2>\n\n\n\n<p>A Magis-TAO Farm\u00e1cia de Manipula\u00e7\u00e3o atua conforme o C\u00f3digo de Defesa do Consumidor e a legisla\u00e7\u00e3o sanit\u00e1ria vigente.<\/p>\n\n\n\n<ol class=\"wp-block-list\">\n<li>Produtos manipulados<br>Por se tratarem de produtos personalizados, f\u00f3rmulas manipuladas n\u00e3o est\u00e3o sujeitas \u00e0 troca ou devolu\u00e7\u00e3o, exceto em casos de erro de manipula\u00e7\u00e3o ou n\u00e3o conformidade.<\/li>\n<\/ol>\n\n\n\n<ol start=\"2\" class=\"wp-block-list\">\n<li>Produtos com defeito<br>Caso seja identificado defeito ou inconformidade, o cliente deve entrar em contato em at\u00e9 7 dias corridos ap\u00f3s o recebimento.<\/li>\n<\/ol>\n\n\n\n<ol start=\"3\" class=\"wp-block-list\">\n<li>Cancelamento de pedidos<br>Pedidos podem ser cancelados antes do in\u00edcio da manipula\u00e7\u00e3o. Ap\u00f3s iniciada a manipula\u00e7\u00e3o, o cancelamento n\u00e3o \u00e9 poss\u00edvel.<\/li>\n<\/ol>\n\n\n\n<ol start=\"4\" class=\"wp-block-list\">\n<li>Contato<br>D\u00favidas ou solicita\u00e7\u00f5es devem ser encaminhadas para contato@loja-magistao.com.br ou WhatsApp informado no site.<\/li>\n<\/ol>\n\n\n\n<p><\/p>\n","protected":false},"excerpt":{"rendered":"<p>Pol\u00edtica de Troca e Cancelamento A Magis-TAO Farm\u00e1cia de Manipula\u00e7\u00e3o atua conforme o C\u00f3digo de Defesa do Consumidor e a legisla\u00e7\u00e3o sanit\u00e1ria vigente.<\/p>\n","protected":false},"author":1,"featured_media":0,"parent":0,"menu_order":0,"comment_status":"closed","ping_status":"closed","template":"","meta":{"_joinchat":[],"footnotes":""},"class_list":["post-309","page","type-page","status-publish","hentry"],"yoast_head":"<!-- This site is optimized with the Yoast SEO plugin v27.3 - https:\/\/yoast.com\/product\/yoast-seo-wordpress\/ -->\n<title>Pol\u00edtica de Troca e Cancelamento - Magis-TAO<\/title>\n<meta name=\"robots\" content=\"index, follow, max-snippet:-1, max-image-preview:large, max-video-preview:-1\" \/>\n<link rel=\"canonical\" href=\"https:\/\/magistao.com.br\/loja\/politica-de-troca-e-cancelamento\/\" \/>\n<meta property=\"og:locale\" content=\"pt_BR\" \/>\n<meta property=\"og:type\" content=\"article\" \/>\n<meta property=\"og:title\" content=\"Pol\u00edtica de Troca e Cancelamento - Magis-TAO\" \/>\n<meta property=\"og:description\" content=\"Pol\u00edtica de Troca e Cancelamento A Magis-TAO Farm\u00e1cia de Manipula\u00e7\u00e3o atua conforme o C\u00f3digo de Defesa do Consumidor e a legisla\u00e7\u00e3o sanit\u00e1ria vigente.\" \/>\n<meta property=\"og:url\" content=\"https:\/\/magistao.com.br\/loja\/politica-de-troca-e-cancelamento\/\" \/>\n<meta property=\"og:site_name\" content=\"Magis-TAO\" \/>\n<meta property=\"article:publisher\" content=\"https:\/\/www.facebook.com\/magistao\/\" \/>\n<meta property=\"article:modified_time\" content=\"2025-12-22T19:31:37+00:00\" \/>\n<meta name=\"twitter:card\" content=\"summary_large_image\" \/>\n<meta name=\"twitter:label1\" content=\"Est. tempo de leitura\" \/>\n\t<meta name=\"twitter:data1\" content=\"1 minuto\" \/>\n<script type=\"application\/ld+json\" class=\"yoast-schema-graph\">{\"@context\":\"https:\\\/\\\/schema.org\",\"@graph\":[{\"@type\":\"WebPage\",\"@id\":\"https:\\\/\\\/magistao.com.br\\\/loja\\\/politica-de-troca-e-cancelamento\\\/\",\"url\":\"https:\\\/\\\/magistao.com.br\\\/loja\\\/politica-de-troca-e-cancelamento\\\/\",\"name\":\"Pol\u00edtica de Troca e Cancelamento - Magis-TAO\",\"isPartOf\":{\"@id\":\"https:\\\/\\\/magistao.com.br\\\/loja\\\/#website\"},\"datePublished\":\"2025-12-22T19:31:36+00:00\",\"dateModified\":\"2025-12-22T19:31:37+00:00\",\"breadcrumb\":{\"@id\":\"https:\\\/\\\/magistao.com.br\\\/loja\\\/politica-de-troca-e-cancelamento\\\/#breadcrumb\"},\"inLanguage\":\"pt-BR\",\"potentialAction\":[{\"@type\":\"ReadAction\",\"target\":[\"https:\\\/\\\/magistao.com.br\\\/loja\\\/politica-de-troca-e-cancelamento\\\/\"]}]},{\"@type\":\"BreadcrumbList\",\"@id\":\"https:\\\/\\\/magistao.com.br\\\/loja\\\/politica-de-troca-e-cancelamento\\\/#breadcrumb\",\"itemListElement\":[{\"@type\":\"ListItem\",\"position\":1,\"name\":\"In\u00edcio\",\"item\":\"https:\\\/\\\/magistao.com.br\\\/loja\\\/\"},{\"@type\":\"ListItem\",\"position\":2,\"name\":\"Pol\u00edtica de Troca e Cancelamento\"}]},{\"@type\":\"WebSite\",\"@id\":\"https:\\\/\\\/magistao.com.br\\\/loja\\\/#website\",\"url\":\"https:\\\/\\\/magistao.com.br\\\/loja\\\/\",\"name\":\"Magis-TAO\",\"description\":\"Farm\u00e1cia de Manipula\u00e7\u00e3o\",\"publisher\":{\"@id\":\"https:\\\/\\\/magistao.com.br\\\/loja\\\/#organization\"},\"potentialAction\":[{\"@type\":\"SearchAction\",\"target\":{\"@type\":\"EntryPoint\",\"urlTemplate\":\"https:\\\/\\\/magistao.com.br\\\/loja\\\/?s={search_term_string}\"},\"query-input\":{\"@type\":\"PropertyValueSpecification\",\"valueRequired\":true,\"valueName\":\"search_term_string\"}}],\"inLanguage\":\"pt-BR\"},{\"@type\":\"Organization\",\"@id\":\"https:\\\/\\\/magistao.com.br\\\/loja\\\/#organization\",\"name\":\"Magis-TAO\",\"url\":\"https:\\\/\\\/magistao.com.br\\\/loja\\\/\",\"logo\":{\"@type\":\"ImageObject\",\"inLanguage\":\"pt-BR\",\"@id\":\"https:\\\/\\\/magistao.com.br\\\/loja\\\/#\\\/schema\\\/logo\\\/image\\\/\",\"url\":\"https:\\\/\\\/magistao.com.br\\\/loja\\\/wp-content\\\/uploads\\\/2025\\\/12\\\/cropped-Sem-nome-500-x-300-px-500-x-200-px.png\",\"contentUrl\":\"https:\\\/\\\/magistao.com.br\\\/loja\\\/wp-content\\\/uploads\\\/2025\\\/12\\\/cropped-Sem-nome-500-x-300-px-500-x-200-px.png\",\"width\":500,\"height\":172,\"caption\":\"Magis-TAO\"},\"image\":{\"@id\":\"https:\\\/\\\/magistao.com.br\\\/loja\\\/#\\\/schema\\\/logo\\\/image\\\/\"},\"sameAs\":[\"https:\\\/\\\/www.facebook.com\\\/magistao\\\/\"]}]}<\/script>\n<!-- \/ Yoast SEO plugin. -->","yoast_head_json":{"title":"Pol\u00edtica de Troca e Cancelamento - Magis-TAO","robots":{"index":"index","follow":"follow","max-snippet":"max-snippet:-1","max-image-preview":"max-image-preview:large","max-video-preview":"max-video-preview:-1"},"canonical":"https:\/\/magistao.com.br\/loja\/politica-de-troca-e-cancelamento\/","og_locale":"pt_BR","og_type":"article","og_title":"Pol\u00edtica de Troca e Cancelamento - Magis-TAO","og_description":"Pol\u00edtica de Troca e Cancelamento A Magis-TAO Farm\u00e1cia de Manipula\u00e7\u00e3o atua conforme o C\u00f3digo de Defesa do Consumidor e a legisla\u00e7\u00e3o sanit\u00e1ria vigente.","og_url":"https:\/\/magistao.com.br\/loja\/politica-de-troca-e-cancelamento\/","og_site_name":"Magis-TAO","article_publisher":"https:\/\/www.facebook.com\/magistao\/","article_modified_time":"2025-12-22T19:31:37+00:00","twitter_card":"summary_large_image","twitter_misc":{"Est. tempo de leitura":"1 minuto"},"schema":{"@context":"https:\/\/schema.org","@graph":[{"@type":"WebPage","@id":"https:\/\/magistao.com.br\/loja\/politica-de-troca-e-cancelamento\/","url":"https:\/\/magistao.com.br\/loja\/politica-de-troca-e-cancelamento\/","name":"Pol\u00edtica de Troca e Cancelamento - Magis-TAO","isPartOf":{"@id":"https:\/\/magistao.com.br\/loja\/#website"},"datePublished":"2025-12-22T19:31:36+00:00","dateModified":"2025-12-22T19:31:37+00:00","breadcrumb":{"@id":"https:\/\/magistao.com.br\/loja\/politica-de-troca-e-cancelamento\/#breadcrumb"},"inLanguage":"pt-BR","potentialAction":[{"@type":"ReadAction","target":["https:\/\/magistao.com.br\/loja\/politica-de-troca-e-cancelamento\/"]}]},{"@type":"BreadcrumbList","@id":"https:\/\/magistao.com.br\/loja\/politica-de-troca-e-cancelamento\/#breadcrumb","itemListElement":[{"@type":"ListItem","position":1,"name":"In\u00edcio","item":"https:\/\/magistao.com.br\/loja\/"},{"@type":"ListItem","position":2,"name":"Pol\u00edtica de Troca e Cancelamento"}]},{"@type":"WebSite","@id":"https:\/\/magistao.com.br\/loja\/#website","url":"https:\/\/magistao.com.br\/loja\/","name":"Magis-TAO","description":"Farm\u00e1cia de Manipula\u00e7\u00e3o","publisher":{"@id":"https:\/\/magistao.com.br\/loja\/#organization"},"potentialAction":[{"@type":"SearchAction","target":{"@type":"EntryPoint","urlTemplate":"https:\/\/magistao.com.br\/loja\/?s={search_term_string}"},"query-input":{"@type":"PropertyValueSpecification","valueRequired":true,"valueName":"search_term_string"}}],"inLanguage":"pt-BR"},{"@type":"Organization","@id":"https:\/\/magistao.com.br\/loja\/#organization","name":"Magis-TAO","url":"https:\/\/magistao.com.br\/loja\/","logo":{"@type":"ImageObject","inLanguage":"pt-BR","@id":"https:\/\/magistao.com.br\/loja\/#\/schema\/logo\/image\/","url":"https:\/\/magistao.com.br\/loja\/wp-content\/uploads\/2025\/12\/cropped-Sem-nome-500-x-300-px-500-x-200-px.png","contentUrl":"https:\/\/magistao.com.br\/loja\/wp-content\/uploads\/2025\/12\/cropped-Sem-nome-500-x-300-px-500-x-200-px.png","width":500,"height":172,"caption":"Magis-TAO"},"image":{"@id":"https:\/\/magistao.com.br\/loja\/#\/schema\/logo\/image\/"},"sameAs":["https:\/\/www.facebook.com\/magistao\/"]}]}},"_hostinger_reach_plugin_has_subscription_block":false,"_hostinger_reach_plugin_is_elementor":false,"_links":{"self":[{"href":"https:\/\/magistao.com.br\/loja\/wp-json\/wp\/v2\/pages\/309","targetHints":{"allow":["GET"]}}],"collection":[{"href":"https:\/\/magistao.com.br\/loja\/wp-json\/wp\/v2\/pages"}],"about":[{"href":"https:\/\/magistao.com.br\/loja\/wp-json\/wp\/v2\/types\/page"}],"author":[{"embeddable":true,"href":"https:\/\/magistao.com.br\/loja\/wp-json\/wp\/v2\/users\/1"}],"replies":[{"embeddable":true,"href":"https:\/\/magistao.com.br\/loja\/wp-json\/wp\/v2\/comments?post=309"}],"version-history":[{"count":1,"href":"https:\/\/magistao.com.br\/loja\/wp-json\/wp\/v2\/pages\/309\/revisions"}],"predecessor-version":[{"id":310,"href":"https:\/\/magistao.com.br\/loja\/wp-json\/wp\/v2\/pages\/309\/revisions\/310"}],"wp:attachment":[{"href":"https:\/\/magistao.com.br\/loja\/wp-json\/wp\/v2\/media?parent=309"}],"curies":[{"name":"wp","href":"https:\/\/api.w.org\/{rel}","templated":true}]}}