{"id":1108,"date":"2025-12-30T19:09:03","date_gmt":"2025-12-30T22:09:03","guid":{"rendered":"https:\/\/loja-magistao.com.br\/produto\/cafe-verde-300mg-60-capsulas\/"},"modified":"2026-04-07T18:03:10","modified_gmt":"2026-04-07T21:03:10","slug":"cafe-verde-300mg-60-capsulas","status":"publish","type":"product","link":"https:\/\/magistao.com.br\/loja\/produto\/cafe-verde-300mg-60-capsulas\/","title":{"rendered":"CAF\u00c9 VERDE 300MG 60 C\u00c1PSULAS"},"content":{"rendered":"<h3>O que ele faz por voc\u00ea?<\/h3>\n<p>O Caf\u00e9 Verde (antes de ser torrado) conserva um composto chamado \u00e1cido clorog\u00eanico que ajuda o seu corpo a processar melhor a energia dos alimentos e a dar suporte ao metabolismo. \u00c9 uma forma mais suave de aproveitar os benef\u00edcios do caf\u00e9 \u2014 com menos cafe\u00edna e mais ativos funcionais do gr\u00e3o.<\/p>\n<h3>Por que manipulamos essa f\u00f3rmula?<\/h3>\n<p>O farmac\u00eautico escolheu o Caf\u00e9 Verde porque o processo de torra do caf\u00e9 convencional destr\u00f3i os compostos que fazem o ativo funcionar para o metabolismo. Ao trabalhar com o gr\u00e3o verde, esses compostos s\u00e3o preservados intactos na dose de 300mg.<\/p>\n<h3>Qual o nosso diferencial?<\/h3>\n<p>Ativo preservado em sua forma mais eficaz \u2014 anterior \u00e0 torra. Cada c\u00e1psula de 300mg \u00e9 preparada na hora, com qualidade farmac\u00eautica e sem aditivos.<\/p>\n<h3>Dica do Farmac\u00eautico<\/h3>\n<p><em>&#8220;Tome antes das refei\u00e7\u00f5es principais. Quem tem sensibilidade \u00e0 cafe\u00edna deve come\u00e7ar com uma c\u00e1psula ao dia e observar a toler\u00e2ncia antes de aumentar.&#8221;<\/em><\/p>\n<p><small>Apresenta\u00e7\u00e3o: 300mg \u00b7 60 c\u00e1psulas<\/small><\/p>\n","protected":false},"excerpt":{"rendered":"<p>Auxilia o metabolismo energ\u00e9tico e contribui para o suporte ao controle de peso, mantendo os ativos do caf\u00e9 antes da torra.<\/p>\n","protected":false},"featured_media":640,"comment_status":"open","ping_status":"closed","template":"","meta":{"_joinchat":[]},"product_brand":[],"product_cat":[18],"product_tag":[],"class_list":{"0":"post-1108","1":"product","2":"type-product","3":"status-publish","4":"has-post-thumbnail","6":"product_cat-emagrecimento","8":"first","9":"instock","10":"shipping-taxable","11":"purchasable","12":"product-type-simple"},"yoast_head":"<!-- This site is optimized with the Yoast SEO plugin v27.3 - https:\/\/yoast.com\/product\/yoast-seo-wordpress\/ -->\n<title>CAF\u00c9 VERDE 300MG 60 C\u00c1PSULAS - Magis-TAO<\/title>\n<meta name=\"robots\" content=\"index, follow, max-snippet:-1, max-image-preview:large, max-video-preview:-1\" \/>\n<link rel=\"canonical\" href=\"https:\/\/magistao.com.br\/loja\/produto\/cafe-verde-300mg-60-capsulas\/\" \/>\n<meta property=\"og:locale\" content=\"pt_BR\" \/>\n<meta property=\"og:type\" content=\"article\" \/>\n<meta property=\"og:title\" content=\"CAF\u00c9 VERDE 300MG 60 C\u00c1PSULAS - Magis-TAO\" \/>\n<meta property=\"og:description\" content=\"Auxilia o metabolismo energ\u00e9tico e contribui para o suporte ao controle de peso, mantendo os ativos do caf\u00e9 antes da torra.\" \/>\n<meta property=\"og:url\" content=\"https:\/\/magistao.com.br\/loja\/produto\/cafe-verde-300mg-60-capsulas\/\" \/>\n<meta property=\"og:site_name\" content=\"Magis-TAO\" \/>\n<meta property=\"article:publisher\" content=\"https:\/\/www.facebook.com\/magistao\/\" \/>\n<meta property=\"article:modified_time\" content=\"2026-04-07T21:03:10+00:00\" \/>\n<meta property=\"og:image\" content=\"https:\/\/magistao.com.br\/loja\/wp-content\/uploads\/2025\/12\/6-1.png\" \/>\n\t<meta property=\"og:image:width\" content=\"200\" \/>\n\t<meta property=\"og:image:height\" content=\"300\" \/>\n\t<meta property=\"og:image:type\" content=\"image\/png\" \/>\n<meta name=\"twitter:card\" content=\"summary_large_image\" \/>\n<meta name=\"twitter:label1\" content=\"Est. tempo de leitura\" \/>\n\t<meta name=\"twitter:data1\" content=\"1 minuto\" \/>\n<script type=\"application\/ld+json\" class=\"yoast-schema-graph\">{\"@context\":\"https:\\\/\\\/schema.org\",\"@graph\":[{\"@type\":\"WebPage\",\"@id\":\"https:\\\/\\\/magistao.com.br\\\/loja\\\/produto\\\/cafe-verde-300mg-60-capsulas\\\/\",\"url\":\"https:\\\/\\\/magistao.com.br\\\/loja\\\/produto\\\/cafe-verde-300mg-60-capsulas\\\/\",\"name\":\"CAF\u00c9 VERDE 300MG 60 C\u00c1PSULAS - Magis-TAO\",\"isPartOf\":{\"@id\":\"https:\\\/\\\/magistao.com.br\\\/loja\\\/#website\"},\"primaryImageOfPage\":{\"@id\":\"https:\\\/\\\/magistao.com.br\\\/loja\\\/produto\\\/cafe-verde-300mg-60-capsulas\\\/#primaryimage\"},\"image\":{\"@id\":\"https:\\\/\\\/magistao.com.br\\\/loja\\\/produto\\\/cafe-verde-300mg-60-capsulas\\\/#primaryimage\"},\"thumbnailUrl\":\"https:\\\/\\\/magistao.com.br\\\/loja\\\/wp-content\\\/uploads\\\/2025\\\/12\\\/6-1.png\",\"datePublished\":\"2025-12-30T22:09:03+00:00\",\"dateModified\":\"2026-04-07T21:03:10+00:00\",\"breadcrumb\":{\"@id\":\"https:\\\/\\\/magistao.com.br\\\/loja\\\/produto\\\/cafe-verde-300mg-60-capsulas\\\/#breadcrumb\"},\"inLanguage\":\"pt-BR\",\"potentialAction\":[{\"@type\":\"ReadAction\",\"target\":[\"https:\\\/\\\/magistao.com.br\\\/loja\\\/produto\\\/cafe-verde-300mg-60-capsulas\\\/\"]}]},{\"@type\":\"ImageObject\",\"inLanguage\":\"pt-BR\",\"@id\":\"https:\\\/\\\/magistao.com.br\\\/loja\\\/produto\\\/cafe-verde-300mg-60-capsulas\\\/#primaryimage\",\"url\":\"https:\\\/\\\/magistao.com.br\\\/loja\\\/wp-content\\\/uploads\\\/2025\\\/12\\\/6-1.png\",\"contentUrl\":\"https:\\\/\\\/magistao.com.br\\\/loja\\\/wp-content\\\/uploads\\\/2025\\\/12\\\/6-1.png\",\"width\":200,\"height\":300},{\"@type\":\"BreadcrumbList\",\"@id\":\"https:\\\/\\\/magistao.com.br\\\/loja\\\/produto\\\/cafe-verde-300mg-60-capsulas\\\/#breadcrumb\",\"itemListElement\":[{\"@type\":\"ListItem\",\"position\":1,\"name\":\"In\u00edcio\",\"item\":\"https:\\\/\\\/magistao.com.br\\\/loja\\\/\"},{\"@type\":\"ListItem\",\"position\":2,\"name\":\"Loja\",\"item\":\"https:\\\/\\\/magistao.com.br\\\/loja\\\/loja\\\/\"},{\"@type\":\"ListItem\",\"position\":3,\"name\":\"CAF\u00c9 VERDE 300MG 60 C\u00c1PSULAS\"}]},{\"@type\":\"WebSite\",\"@id\":\"https:\\\/\\\/magistao.com.br\\\/loja\\\/#website\",\"url\":\"https:\\\/\\\/magistao.com.br\\\/loja\\\/\",\"name\":\"Magis-TAO\",\"description\":\"Farm\u00e1cia de Manipula\u00e7\u00e3o\",\"publisher\":{\"@id\":\"https:\\\/\\\/magistao.com.br\\\/loja\\\/#organization\"},\"potentialAction\":[{\"@type\":\"SearchAction\",\"target\":{\"@type\":\"EntryPoint\",\"urlTemplate\":\"https:\\\/\\\/magistao.com.br\\\/loja\\\/?s={search_term_string}\"},\"query-input\":{\"@type\":\"PropertyValueSpecification\",\"valueRequired\":true,\"valueName\":\"search_term_string\"}}],\"inLanguage\":\"pt-BR\"},{\"@type\":\"Organization\",\"@id\":\"https:\\\/\\\/magistao.com.br\\\/loja\\\/#organization\",\"name\":\"Magis-TAO\",\"url\":\"https:\\\/\\\/magistao.com.br\\\/loja\\\/\",\"logo\":{\"@type\":\"ImageObject\",\"inLanguage\":\"pt-BR\",\"@id\":\"https:\\\/\\\/magistao.com.br\\\/loja\\\/#\\\/schema\\\/logo\\\/image\\\/\",\"url\":\"https:\\\/\\\/magistao.com.br\\\/loja\\\/wp-content\\\/uploads\\\/2025\\\/12\\\/cropped-Sem-nome-500-x-300-px-500-x-200-px.png\",\"contentUrl\":\"https:\\\/\\\/magistao.com.br\\\/loja\\\/wp-content\\\/uploads\\\/2025\\\/12\\\/cropped-Sem-nome-500-x-300-px-500-x-200-px.png\",\"width\":500,\"height\":172,\"caption\":\"Magis-TAO\"},\"image\":{\"@id\":\"https:\\\/\\\/magistao.com.br\\\/loja\\\/#\\\/schema\\\/logo\\\/image\\\/\"},\"sameAs\":[\"https:\\\/\\\/www.facebook.com\\\/magistao\\\/\"]}]}<\/script>\n<!-- \/ Yoast SEO plugin. -->","yoast_head_json":{"title":"CAF\u00c9 VERDE 300MG 60 C\u00c1PSULAS - Magis-TAO","robots":{"index":"index","follow":"follow","max-snippet":"max-snippet:-1","max-image-preview":"max-image-preview:large","max-video-preview":"max-video-preview:-1"},"canonical":"https:\/\/magistao.com.br\/loja\/produto\/cafe-verde-300mg-60-capsulas\/","og_locale":"pt_BR","og_type":"article","og_title":"CAF\u00c9 VERDE 300MG 60 C\u00c1PSULAS - Magis-TAO","og_description":"Auxilia o metabolismo energ\u00e9tico e contribui para o suporte ao controle de peso, mantendo os ativos do caf\u00e9 antes da torra.","og_url":"https:\/\/magistao.com.br\/loja\/produto\/cafe-verde-300mg-60-capsulas\/","og_site_name":"Magis-TAO","article_publisher":"https:\/\/www.facebook.com\/magistao\/","article_modified_time":"2026-04-07T21:03:10+00:00","og_image":[{"width":200,"height":300,"url":"https:\/\/magistao.com.br\/loja\/wp-content\/uploads\/2025\/12\/6-1.png","type":"image\/png"}],"twitter_card":"summary_large_image","twitter_misc":{"Est. tempo de leitura":"1 minuto"},"schema":{"@context":"https:\/\/schema.org","@graph":[{"@type":"WebPage","@id":"https:\/\/magistao.com.br\/loja\/produto\/cafe-verde-300mg-60-capsulas\/","url":"https:\/\/magistao.com.br\/loja\/produto\/cafe-verde-300mg-60-capsulas\/","name":"CAF\u00c9 VERDE 300MG 60 C\u00c1PSULAS - Magis-TAO","isPartOf":{"@id":"https:\/\/magistao.com.br\/loja\/#website"},"primaryImageOfPage":{"@id":"https:\/\/magistao.com.br\/loja\/produto\/cafe-verde-300mg-60-capsulas\/#primaryimage"},"image":{"@id":"https:\/\/magistao.com.br\/loja\/produto\/cafe-verde-300mg-60-capsulas\/#primaryimage"},"thumbnailUrl":"https:\/\/magistao.com.br\/loja\/wp-content\/uploads\/2025\/12\/6-1.png","datePublished":"2025-12-30T22:09:03+00:00","dateModified":"2026-04-07T21:03:10+00:00","breadcrumb":{"@id":"https:\/\/magistao.com.br\/loja\/produto\/cafe-verde-300mg-60-capsulas\/#breadcrumb"},"inLanguage":"pt-BR","potentialAction":[{"@type":"ReadAction","target":["https:\/\/magistao.com.br\/loja\/produto\/cafe-verde-300mg-60-capsulas\/"]}]},{"@type":"ImageObject","inLanguage":"pt-BR","@id":"https:\/\/magistao.com.br\/loja\/produto\/cafe-verde-300mg-60-capsulas\/#primaryimage","url":"https:\/\/magistao.com.br\/loja\/wp-content\/uploads\/2025\/12\/6-1.png","contentUrl":"https:\/\/magistao.com.br\/loja\/wp-content\/uploads\/2025\/12\/6-1.png","width":200,"height":300},{"@type":"BreadcrumbList","@id":"https:\/\/magistao.com.br\/loja\/produto\/cafe-verde-300mg-60-capsulas\/#breadcrumb","itemListElement":[{"@type":"ListItem","position":1,"name":"In\u00edcio","item":"https:\/\/magistao.com.br\/loja\/"},{"@type":"ListItem","position":2,"name":"Loja","item":"https:\/\/magistao.com.br\/loja\/loja\/"},{"@type":"ListItem","position":3,"name":"CAF\u00c9 VERDE 300MG 60 C\u00c1PSULAS"}]},{"@type":"WebSite","@id":"https:\/\/magistao.com.br\/loja\/#website","url":"https:\/\/magistao.com.br\/loja\/","name":"Magis-TAO","description":"Farm\u00e1cia de Manipula\u00e7\u00e3o","publisher":{"@id":"https:\/\/magistao.com.br\/loja\/#organization"},"potentialAction":[{"@type":"SearchAction","target":{"@type":"EntryPoint","urlTemplate":"https:\/\/magistao.com.br\/loja\/?s={search_term_string}"},"query-input":{"@type":"PropertyValueSpecification","valueRequired":true,"valueName":"search_term_string"}}],"inLanguage":"pt-BR"},{"@type":"Organization","@id":"https:\/\/magistao.com.br\/loja\/#organization","name":"Magis-TAO","url":"https:\/\/magistao.com.br\/loja\/","logo":{"@type":"ImageObject","inLanguage":"pt-BR","@id":"https:\/\/magistao.com.br\/loja\/#\/schema\/logo\/image\/","url":"https:\/\/magistao.com.br\/loja\/wp-content\/uploads\/2025\/12\/cropped-Sem-nome-500-x-300-px-500-x-200-px.png","contentUrl":"https:\/\/magistao.com.br\/loja\/wp-content\/uploads\/2025\/12\/cropped-Sem-nome-500-x-300-px-500-x-200-px.png","width":500,"height":172,"caption":"Magis-TAO"},"image":{"@id":"https:\/\/magistao.com.br\/loja\/#\/schema\/logo\/image\/"},"sameAs":["https:\/\/www.facebook.com\/magistao\/"]}]}},"_links":{"self":[{"href":"https:\/\/magistao.com.br\/loja\/wp-json\/wp\/v2\/product\/1108","targetHints":{"allow":["GET"]}}],"collection":[{"href":"https:\/\/magistao.com.br\/loja\/wp-json\/wp\/v2\/product"}],"about":[{"href":"https:\/\/magistao.com.br\/loja\/wp-json\/wp\/v2\/types\/product"}],"replies":[{"embeddable":true,"href":"https:\/\/magistao.com.br\/loja\/wp-json\/wp\/v2\/comments?post=1108"}],"wp:featuredmedia":[{"embeddable":true,"href":"https:\/\/magistao.com.br\/loja\/wp-json\/wp\/v2\/media\/640"}],"wp:attachment":[{"href":"https:\/\/magistao.com.br\/loja\/wp-json\/wp\/v2\/media?parent=1108"}],"wp:term":[{"taxonomy":"product_brand","embeddable":true,"href":"https:\/\/magistao.com.br\/loja\/wp-json\/wp\/v2\/product_brand?post=1108"},{"taxonomy":"product_cat","embeddable":true,"href":"https:\/\/magistao.com.br\/loja\/wp-json\/wp\/v2\/product_cat?post=1108"},{"taxonomy":"product_tag","embeddable":true,"href":"https:\/\/magistao.com.br\/loja\/wp-json\/wp\/v2\/product_tag?post=1108"}],"curies":[{"name":"wp","href":"https:\/\/api.w.org\/{rel}","templated":true}]}}