{"id":1137,"date":"2025-12-30T19:14:58","date_gmt":"2025-12-30T22:14:58","guid":{"rendered":"https:\/\/loja-magistao.com.br\/produto\/tribulus-terrestris-500mg-60-capsulas\/"},"modified":"2026-04-07T18:03:11","modified_gmt":"2026-04-07T21:03:11","slug":"tribulus-terrestris-500mg-60-capsulas","status":"publish","type":"product","link":"https:\/\/magistao.com.br\/loja\/produto\/tribulus-terrestris-500mg-60-capsulas\/","title":{"rendered":"Tribulus Terrestris 500MG &#8211; 60 C\u00e1psulas"},"content":{"rendered":"<h3>O que ele faz por voc\u00ea?<\/h3>\n<p>O Tribulus Terrestris ajuda o organismo a produzir mais testosterona de forma natural \u2014 sem interferir diretamente nos horm\u00f4nios com compostos externos. Para homens que sentem queda de disposi\u00e7\u00e3o, de for\u00e7a ou de libido, ele \u00e9 um suporte natural e seguro para ajudar o corpo a retomar o equil\u00edbrio.<\/p>\n<h3>Por que manipulamos essa f\u00f3rmula?<\/h3>\n<p>O farmac\u00eautico escolheu o extrato padronizado porque a concentra\u00e7\u00e3o dos compostos ativos varia muito entre produtos de prateleira sem controle de qualidade. Ao manipular, \u00e9 garantido que cada c\u00e1psula de 500mg contenha a quantidade eficaz do princ\u00edpio ativo.<\/p>\n<h3>Qual o nosso diferencial?<\/h3>\n<p>Extrato padronizado em dose precisa. A diferen\u00e7a entre o Tribulus que funciona e o que n\u00e3o funciona est\u00e1 na padroniza\u00e7\u00e3o do ativo \u2014 e aqui, voc\u00ea tem essa garantia com qualidade farmac\u00eautica.<\/p>\n<h3>Dica do Farmac\u00eautico<\/h3>\n<p><em>&#8220;Tome com uma refei\u00e7\u00e3o. O efeito \u00e9 progressivo \u2014 for\u00e7a e disposi\u00e7\u00e3o melhoram com uso regular por 4 a 8 semanas. N\u00e3o espere resultado na primeira semana.&#8221;<\/em><\/p>\n<p><small>Apresenta\u00e7\u00e3o: 500mg \u00b7 60 c\u00e1psulas<\/small><\/p>\n","protected":false},"excerpt":{"rendered":"<p>Fitoter\u00e1pico para dar suporte \u00e0 testosterona natural, \u00e0 for\u00e7a muscular e \u00e0 disposi\u00e7\u00e3o.<\/p>\n","protected":false},"featured_media":657,"comment_status":"open","ping_status":"closed","template":"","meta":{"_joinchat":[]},"product_brand":[],"product_cat":[157,154,153],"product_tag":[],"class_list":{"0":"post-1137","1":"product","2":"type-product","3":"status-publish","4":"has-post-thumbnail","6":"product_cat-energia-promocao","7":"product_cat-promocoes","8":"product_cat-treino-energia","10":"first","11":"instock","12":"sale","13":"shipping-taxable","14":"purchasable","15":"product-type-simple"},"yoast_head":"<!-- This site is optimized with the Yoast SEO plugin v27.3 - https:\/\/yoast.com\/product\/yoast-seo-wordpress\/ -->\n<title>Tribulus Terrestris 500MG - 60 C\u00e1psulas - Magis-TAO<\/title>\n<meta name=\"robots\" content=\"index, follow, max-snippet:-1, max-image-preview:large, max-video-preview:-1\" \/>\n<link rel=\"canonical\" href=\"https:\/\/magistao.com.br\/loja\/produto\/tribulus-terrestris-500mg-60-capsulas\/\" \/>\n<meta property=\"og:locale\" content=\"pt_BR\" \/>\n<meta property=\"og:type\" content=\"article\" \/>\n<meta property=\"og:title\" content=\"Tribulus Terrestris 500MG - 60 C\u00e1psulas - Magis-TAO\" \/>\n<meta property=\"og:description\" content=\"Fitoter\u00e1pico para dar suporte \u00e0 testosterona natural, \u00e0 for\u00e7a muscular e \u00e0 disposi\u00e7\u00e3o.\" \/>\n<meta property=\"og:url\" content=\"https:\/\/magistao.com.br\/loja\/produto\/tribulus-terrestris-500mg-60-capsulas\/\" \/>\n<meta property=\"og:site_name\" content=\"Magis-TAO\" \/>\n<meta property=\"article:publisher\" content=\"https:\/\/www.facebook.com\/magistao\/\" \/>\n<meta property=\"article:modified_time\" content=\"2026-04-07T21:03:11+00:00\" \/>\n<meta property=\"og:image\" content=\"https:\/\/magistao.com.br\/loja\/wp-content\/uploads\/2025\/12\/23-1.png\" \/>\n\t<meta property=\"og:image:width\" content=\"200\" \/>\n\t<meta property=\"og:image:height\" content=\"300\" \/>\n\t<meta property=\"og:image:type\" content=\"image\/png\" \/>\n<meta name=\"twitter:card\" content=\"summary_large_image\" \/>\n<meta name=\"twitter:label1\" content=\"Est. tempo de leitura\" \/>\n\t<meta name=\"twitter:data1\" content=\"1 minuto\" \/>\n<script type=\"application\/ld+json\" class=\"yoast-schema-graph\">{\"@context\":\"https:\\\/\\\/schema.org\",\"@graph\":[{\"@type\":\"WebPage\",\"@id\":\"https:\\\/\\\/magistao.com.br\\\/loja\\\/produto\\\/tribulus-terrestris-500mg-60-capsulas\\\/\",\"url\":\"https:\\\/\\\/magistao.com.br\\\/loja\\\/produto\\\/tribulus-terrestris-500mg-60-capsulas\\\/\",\"name\":\"Tribulus Terrestris 500MG - 60 C\u00e1psulas - Magis-TAO\",\"isPartOf\":{\"@id\":\"https:\\\/\\\/magistao.com.br\\\/loja\\\/#website\"},\"primaryImageOfPage\":{\"@id\":\"https:\\\/\\\/magistao.com.br\\\/loja\\\/produto\\\/tribulus-terrestris-500mg-60-capsulas\\\/#primaryimage\"},\"image\":{\"@id\":\"https:\\\/\\\/magistao.com.br\\\/loja\\\/produto\\\/tribulus-terrestris-500mg-60-capsulas\\\/#primaryimage\"},\"thumbnailUrl\":\"https:\\\/\\\/magistao.com.br\\\/loja\\\/wp-content\\\/uploads\\\/2025\\\/12\\\/23-1.png\",\"datePublished\":\"2025-12-30T22:14:58+00:00\",\"dateModified\":\"2026-04-07T21:03:11+00:00\",\"breadcrumb\":{\"@id\":\"https:\\\/\\\/magistao.com.br\\\/loja\\\/produto\\\/tribulus-terrestris-500mg-60-capsulas\\\/#breadcrumb\"},\"inLanguage\":\"pt-BR\",\"potentialAction\":[{\"@type\":\"ReadAction\",\"target\":[\"https:\\\/\\\/magistao.com.br\\\/loja\\\/produto\\\/tribulus-terrestris-500mg-60-capsulas\\\/\"]}]},{\"@type\":\"ImageObject\",\"inLanguage\":\"pt-BR\",\"@id\":\"https:\\\/\\\/magistao.com.br\\\/loja\\\/produto\\\/tribulus-terrestris-500mg-60-capsulas\\\/#primaryimage\",\"url\":\"https:\\\/\\\/magistao.com.br\\\/loja\\\/wp-content\\\/uploads\\\/2025\\\/12\\\/23-1.png\",\"contentUrl\":\"https:\\\/\\\/magistao.com.br\\\/loja\\\/wp-content\\\/uploads\\\/2025\\\/12\\\/23-1.png\",\"width\":200,\"height\":300},{\"@type\":\"BreadcrumbList\",\"@id\":\"https:\\\/\\\/magistao.com.br\\\/loja\\\/produto\\\/tribulus-terrestris-500mg-60-capsulas\\\/#breadcrumb\",\"itemListElement\":[{\"@type\":\"ListItem\",\"position\":1,\"name\":\"In\u00edcio\",\"item\":\"https:\\\/\\\/magistao.com.br\\\/loja\\\/\"},{\"@type\":\"ListItem\",\"position\":2,\"name\":\"Loja\",\"item\":\"https:\\\/\\\/magistao.com.br\\\/loja\\\/loja\\\/\"},{\"@type\":\"ListItem\",\"position\":3,\"name\":\"Tribulus Terrestris 500MG &#8211; 60 C\u00e1psulas\"}]},{\"@type\":\"WebSite\",\"@id\":\"https:\\\/\\\/magistao.com.br\\\/loja\\\/#website\",\"url\":\"https:\\\/\\\/magistao.com.br\\\/loja\\\/\",\"name\":\"Magis-TAO\",\"description\":\"Farm\u00e1cia de Manipula\u00e7\u00e3o\",\"publisher\":{\"@id\":\"https:\\\/\\\/magistao.com.br\\\/loja\\\/#organization\"},\"potentialAction\":[{\"@type\":\"SearchAction\",\"target\":{\"@type\":\"EntryPoint\",\"urlTemplate\":\"https:\\\/\\\/magistao.com.br\\\/loja\\\/?s={search_term_string}\"},\"query-input\":{\"@type\":\"PropertyValueSpecification\",\"valueRequired\":true,\"valueName\":\"search_term_string\"}}],\"inLanguage\":\"pt-BR\"},{\"@type\":\"Organization\",\"@id\":\"https:\\\/\\\/magistao.com.br\\\/loja\\\/#organization\",\"name\":\"Magis-TAO\",\"url\":\"https:\\\/\\\/magistao.com.br\\\/loja\\\/\",\"logo\":{\"@type\":\"ImageObject\",\"inLanguage\":\"pt-BR\",\"@id\":\"https:\\\/\\\/magistao.com.br\\\/loja\\\/#\\\/schema\\\/logo\\\/image\\\/\",\"url\":\"https:\\\/\\\/magistao.com.br\\\/loja\\\/wp-content\\\/uploads\\\/2025\\\/12\\\/cropped-Sem-nome-500-x-300-px-500-x-200-px.png\",\"contentUrl\":\"https:\\\/\\\/magistao.com.br\\\/loja\\\/wp-content\\\/uploads\\\/2025\\\/12\\\/cropped-Sem-nome-500-x-300-px-500-x-200-px.png\",\"width\":500,\"height\":172,\"caption\":\"Magis-TAO\"},\"image\":{\"@id\":\"https:\\\/\\\/magistao.com.br\\\/loja\\\/#\\\/schema\\\/logo\\\/image\\\/\"},\"sameAs\":[\"https:\\\/\\\/www.facebook.com\\\/magistao\\\/\"]}]}<\/script>\n<!-- \/ Yoast SEO plugin. -->","yoast_head_json":{"title":"Tribulus Terrestris 500MG - 60 C\u00e1psulas - Magis-TAO","robots":{"index":"index","follow":"follow","max-snippet":"max-snippet:-1","max-image-preview":"max-image-preview:large","max-video-preview":"max-video-preview:-1"},"canonical":"https:\/\/magistao.com.br\/loja\/produto\/tribulus-terrestris-500mg-60-capsulas\/","og_locale":"pt_BR","og_type":"article","og_title":"Tribulus Terrestris 500MG - 60 C\u00e1psulas - Magis-TAO","og_description":"Fitoter\u00e1pico para dar suporte \u00e0 testosterona natural, \u00e0 for\u00e7a muscular e \u00e0 disposi\u00e7\u00e3o.","og_url":"https:\/\/magistao.com.br\/loja\/produto\/tribulus-terrestris-500mg-60-capsulas\/","og_site_name":"Magis-TAO","article_publisher":"https:\/\/www.facebook.com\/magistao\/","article_modified_time":"2026-04-07T21:03:11+00:00","og_image":[{"width":200,"height":300,"url":"https:\/\/magistao.com.br\/loja\/wp-content\/uploads\/2025\/12\/23-1.png","type":"image\/png"}],"twitter_card":"summary_large_image","twitter_misc":{"Est. tempo de leitura":"1 minuto"},"schema":{"@context":"https:\/\/schema.org","@graph":[{"@type":"WebPage","@id":"https:\/\/magistao.com.br\/loja\/produto\/tribulus-terrestris-500mg-60-capsulas\/","url":"https:\/\/magistao.com.br\/loja\/produto\/tribulus-terrestris-500mg-60-capsulas\/","name":"Tribulus Terrestris 500MG - 60 C\u00e1psulas - Magis-TAO","isPartOf":{"@id":"https:\/\/magistao.com.br\/loja\/#website"},"primaryImageOfPage":{"@id":"https:\/\/magistao.com.br\/loja\/produto\/tribulus-terrestris-500mg-60-capsulas\/#primaryimage"},"image":{"@id":"https:\/\/magistao.com.br\/loja\/produto\/tribulus-terrestris-500mg-60-capsulas\/#primaryimage"},"thumbnailUrl":"https:\/\/magistao.com.br\/loja\/wp-content\/uploads\/2025\/12\/23-1.png","datePublished":"2025-12-30T22:14:58+00:00","dateModified":"2026-04-07T21:03:11+00:00","breadcrumb":{"@id":"https:\/\/magistao.com.br\/loja\/produto\/tribulus-terrestris-500mg-60-capsulas\/#breadcrumb"},"inLanguage":"pt-BR","potentialAction":[{"@type":"ReadAction","target":["https:\/\/magistao.com.br\/loja\/produto\/tribulus-terrestris-500mg-60-capsulas\/"]}]},{"@type":"ImageObject","inLanguage":"pt-BR","@id":"https:\/\/magistao.com.br\/loja\/produto\/tribulus-terrestris-500mg-60-capsulas\/#primaryimage","url":"https:\/\/magistao.com.br\/loja\/wp-content\/uploads\/2025\/12\/23-1.png","contentUrl":"https:\/\/magistao.com.br\/loja\/wp-content\/uploads\/2025\/12\/23-1.png","width":200,"height":300},{"@type":"BreadcrumbList","@id":"https:\/\/magistao.com.br\/loja\/produto\/tribulus-terrestris-500mg-60-capsulas\/#breadcrumb","itemListElement":[{"@type":"ListItem","position":1,"name":"In\u00edcio","item":"https:\/\/magistao.com.br\/loja\/"},{"@type":"ListItem","position":2,"name":"Loja","item":"https:\/\/magistao.com.br\/loja\/loja\/"},{"@type":"ListItem","position":3,"name":"Tribulus Terrestris 500MG &#8211; 60 C\u00e1psulas"}]},{"@type":"WebSite","@id":"https:\/\/magistao.com.br\/loja\/#website","url":"https:\/\/magistao.com.br\/loja\/","name":"Magis-TAO","description":"Farm\u00e1cia de Manipula\u00e7\u00e3o","publisher":{"@id":"https:\/\/magistao.com.br\/loja\/#organization"},"potentialAction":[{"@type":"SearchAction","target":{"@type":"EntryPoint","urlTemplate":"https:\/\/magistao.com.br\/loja\/?s={search_term_string}"},"query-input":{"@type":"PropertyValueSpecification","valueRequired":true,"valueName":"search_term_string"}}],"inLanguage":"pt-BR"},{"@type":"Organization","@id":"https:\/\/magistao.com.br\/loja\/#organization","name":"Magis-TAO","url":"https:\/\/magistao.com.br\/loja\/","logo":{"@type":"ImageObject","inLanguage":"pt-BR","@id":"https:\/\/magistao.com.br\/loja\/#\/schema\/logo\/image\/","url":"https:\/\/magistao.com.br\/loja\/wp-content\/uploads\/2025\/12\/cropped-Sem-nome-500-x-300-px-500-x-200-px.png","contentUrl":"https:\/\/magistao.com.br\/loja\/wp-content\/uploads\/2025\/12\/cropped-Sem-nome-500-x-300-px-500-x-200-px.png","width":500,"height":172,"caption":"Magis-TAO"},"image":{"@id":"https:\/\/magistao.com.br\/loja\/#\/schema\/logo\/image\/"},"sameAs":["https:\/\/www.facebook.com\/magistao\/"]}]}},"_links":{"self":[{"href":"https:\/\/magistao.com.br\/loja\/wp-json\/wp\/v2\/product\/1137","targetHints":{"allow":["GET"]}}],"collection":[{"href":"https:\/\/magistao.com.br\/loja\/wp-json\/wp\/v2\/product"}],"about":[{"href":"https:\/\/magistao.com.br\/loja\/wp-json\/wp\/v2\/types\/product"}],"replies":[{"embeddable":true,"href":"https:\/\/magistao.com.br\/loja\/wp-json\/wp\/v2\/comments?post=1137"}],"wp:featuredmedia":[{"embeddable":true,"href":"https:\/\/magistao.com.br\/loja\/wp-json\/wp\/v2\/media\/657"}],"wp:attachment":[{"href":"https:\/\/magistao.com.br\/loja\/wp-json\/wp\/v2\/media?parent=1137"}],"wp:term":[{"taxonomy":"product_brand","embeddable":true,"href":"https:\/\/magistao.com.br\/loja\/wp-json\/wp\/v2\/product_brand?post=1137"},{"taxonomy":"product_cat","embeddable":true,"href":"https:\/\/magistao.com.br\/loja\/wp-json\/wp\/v2\/product_cat?post=1137"},{"taxonomy":"product_tag","embeddable":true,"href":"https:\/\/magistao.com.br\/loja\/wp-json\/wp\/v2\/product_tag?post=1137"}],"curies":[{"name":"wp","href":"https:\/\/api.w.org\/{rel}","templated":true}]}}