{"id":1285,"date":"2026-03-06T16:58:19","date_gmt":"2026-03-06T19:58:19","guid":{"rendered":"https:\/\/loja-magistao.com.br\/?post_type=product&#038;p=1285"},"modified":"2026-04-07T18:03:10","modified_gmt":"2026-04-07T21:03:10","slug":"controle-do-apetite-60-capsulas","status":"publish","type":"product","link":"https:\/\/magistao.com.br\/loja\/produto\/controle-do-apetite-60-capsulas\/","title":{"rendered":"Controle do Apetite &#8211; 60 c\u00e1psulas"},"content":{"rendered":"<h3>O que ele faz por voc\u00ea?<\/h3>\n<p>Ele ajuda o organismo a sentir menos fome entre as refei\u00e7\u00f5es, reduzindo aquele impulso de beliscar ou de comer mais do que precisa. Para quem sente uma fome que chega de repente ou tem dificuldade em controlar as por\u00e7\u00f5es, essa f\u00f3rmula \u00e9 um suporte pr\u00e1tico e natural para o dia a dia.<\/p>\n<h3>Por que manipulamos essa f\u00f3rmula?<\/h3>\n<p>O farmac\u00eautico combinou ativos que atuam na sinaliza\u00e7\u00e3o de saciedade \u2014 ajudando o c\u00e9rebro a entender que o est\u00f4mago j\u00e1 est\u00e1 satisfeito. Cada componente foi escolhido por sua efic\u00e1cia comprovada e seguran\u00e7a para uso cont\u00ednuo.<\/p>\n<h3>Qual o nosso diferencial?<\/h3>\n<p>F\u00f3rmula com dose precisa de cada ativo, desenvolvida com base em evid\u00eancias cl\u00ednicas. Sem excessos e sem componentes desnecess\u00e1rios \u2014 s\u00f3 o que realmente funciona.<\/p>\n<h3>Dica do Farmac\u00eautico<\/h3>\n<p><em>&#8220;Tome 30 minutos antes das refei\u00e7\u00f5es com um copo grande de \u00e1gua. Refei\u00e7\u00f5es mais ricas em prote\u00edna potencializam muito o controle da fome ao longo do dia.&#8221;<\/em><\/p>\n<p><small>Apresenta\u00e7\u00e3o: 60 c\u00e1psulas<\/small><\/p>\n","protected":false},"excerpt":{"rendered":"<p>F\u00f3rmula para ajudar a reduzir a fome excessiva e o impulso de beliscar entre as refei\u00e7\u00f5es.<\/p>\n","protected":false},"featured_media":1294,"comment_status":"open","ping_status":"closed","template":"","meta":{"_joinchat":[]},"product_brand":[],"product_cat":[18,156,154],"product_tag":[],"class_list":{"0":"post-1285","1":"product","2":"type-product","3":"status-publish","4":"has-post-thumbnail","6":"product_cat-emagrecimento","7":"product_cat-emagrecimento-promocao","8":"product_cat-promocoes","10":"first","11":"instock","12":"sale","13":"featured","14":"shipping-taxable","15":"purchasable","16":"product-type-simple"},"yoast_head":"<!-- This site is optimized with the Yoast SEO plugin v27.3 - https:\/\/yoast.com\/product\/yoast-seo-wordpress\/ -->\n<title>Controle do Apetite - 60 c\u00e1psulas - Magis-TAO<\/title>\n<meta name=\"robots\" content=\"index, follow, max-snippet:-1, max-image-preview:large, max-video-preview:-1\" \/>\n<link rel=\"canonical\" href=\"https:\/\/magistao.com.br\/loja\/produto\/controle-do-apetite-60-capsulas\/\" \/>\n<meta property=\"og:locale\" content=\"pt_BR\" \/>\n<meta property=\"og:type\" content=\"article\" \/>\n<meta property=\"og:title\" content=\"Controle do Apetite - 60 c\u00e1psulas - Magis-TAO\" \/>\n<meta property=\"og:description\" content=\"F\u00f3rmula para ajudar a reduzir a fome excessiva e o impulso de beliscar entre as refei\u00e7\u00f5es.\" \/>\n<meta property=\"og:url\" content=\"https:\/\/magistao.com.br\/loja\/produto\/controle-do-apetite-60-capsulas\/\" \/>\n<meta property=\"og:site_name\" content=\"Magis-TAO\" \/>\n<meta property=\"article:publisher\" content=\"https:\/\/www.facebook.com\/magistao\/\" \/>\n<meta property=\"article:modified_time\" content=\"2026-04-07T21:03:10+00:00\" \/>\n<meta property=\"og:image\" content=\"https:\/\/magistao.com.br\/loja\/wp-content\/uploads\/2026\/03\/2.png\" \/>\n\t<meta property=\"og:image:width\" content=\"1500\" \/>\n\t<meta property=\"og:image:height\" content=\"1500\" \/>\n\t<meta property=\"og:image:type\" content=\"image\/png\" \/>\n<meta name=\"twitter:card\" content=\"summary_large_image\" \/>\n<meta name=\"twitter:label1\" content=\"Est. tempo de leitura\" \/>\n\t<meta name=\"twitter:data1\" content=\"1 minuto\" \/>\n<script type=\"application\/ld+json\" class=\"yoast-schema-graph\">{\"@context\":\"https:\\\/\\\/schema.org\",\"@graph\":[{\"@type\":\"WebPage\",\"@id\":\"https:\\\/\\\/magistao.com.br\\\/loja\\\/produto\\\/controle-do-apetite-60-capsulas\\\/\",\"url\":\"https:\\\/\\\/magistao.com.br\\\/loja\\\/produto\\\/controle-do-apetite-60-capsulas\\\/\",\"name\":\"Controle do Apetite - 60 c\u00e1psulas - Magis-TAO\",\"isPartOf\":{\"@id\":\"https:\\\/\\\/magistao.com.br\\\/loja\\\/#website\"},\"primaryImageOfPage\":{\"@id\":\"https:\\\/\\\/magistao.com.br\\\/loja\\\/produto\\\/controle-do-apetite-60-capsulas\\\/#primaryimage\"},\"image\":{\"@id\":\"https:\\\/\\\/magistao.com.br\\\/loja\\\/produto\\\/controle-do-apetite-60-capsulas\\\/#primaryimage\"},\"thumbnailUrl\":\"https:\\\/\\\/magistao.com.br\\\/loja\\\/wp-content\\\/uploads\\\/2026\\\/03\\\/2.png\",\"datePublished\":\"2026-03-06T19:58:19+00:00\",\"dateModified\":\"2026-04-07T21:03:10+00:00\",\"breadcrumb\":{\"@id\":\"https:\\\/\\\/magistao.com.br\\\/loja\\\/produto\\\/controle-do-apetite-60-capsulas\\\/#breadcrumb\"},\"inLanguage\":\"pt-BR\",\"potentialAction\":[{\"@type\":\"ReadAction\",\"target\":[\"https:\\\/\\\/magistao.com.br\\\/loja\\\/produto\\\/controle-do-apetite-60-capsulas\\\/\"]}]},{\"@type\":\"ImageObject\",\"inLanguage\":\"pt-BR\",\"@id\":\"https:\\\/\\\/magistao.com.br\\\/loja\\\/produto\\\/controle-do-apetite-60-capsulas\\\/#primaryimage\",\"url\":\"https:\\\/\\\/magistao.com.br\\\/loja\\\/wp-content\\\/uploads\\\/2026\\\/03\\\/2.png\",\"contentUrl\":\"https:\\\/\\\/magistao.com.br\\\/loja\\\/wp-content\\\/uploads\\\/2026\\\/03\\\/2.png\",\"width\":1500,\"height\":1500},{\"@type\":\"BreadcrumbList\",\"@id\":\"https:\\\/\\\/magistao.com.br\\\/loja\\\/produto\\\/controle-do-apetite-60-capsulas\\\/#breadcrumb\",\"itemListElement\":[{\"@type\":\"ListItem\",\"position\":1,\"name\":\"In\u00edcio\",\"item\":\"https:\\\/\\\/magistao.com.br\\\/loja\\\/\"},{\"@type\":\"ListItem\",\"position\":2,\"name\":\"Loja\",\"item\":\"https:\\\/\\\/magistao.com.br\\\/loja\\\/loja\\\/\"},{\"@type\":\"ListItem\",\"position\":3,\"name\":\"Controle do Apetite &#8211; 60 c\u00e1psulas\"}]},{\"@type\":\"WebSite\",\"@id\":\"https:\\\/\\\/magistao.com.br\\\/loja\\\/#website\",\"url\":\"https:\\\/\\\/magistao.com.br\\\/loja\\\/\",\"name\":\"Magis-TAO\",\"description\":\"Farm\u00e1cia de Manipula\u00e7\u00e3o\",\"publisher\":{\"@id\":\"https:\\\/\\\/magistao.com.br\\\/loja\\\/#organization\"},\"potentialAction\":[{\"@type\":\"SearchAction\",\"target\":{\"@type\":\"EntryPoint\",\"urlTemplate\":\"https:\\\/\\\/magistao.com.br\\\/loja\\\/?s={search_term_string}\"},\"query-input\":{\"@type\":\"PropertyValueSpecification\",\"valueRequired\":true,\"valueName\":\"search_term_string\"}}],\"inLanguage\":\"pt-BR\"},{\"@type\":\"Organization\",\"@id\":\"https:\\\/\\\/magistao.com.br\\\/loja\\\/#organization\",\"name\":\"Magis-TAO\",\"url\":\"https:\\\/\\\/magistao.com.br\\\/loja\\\/\",\"logo\":{\"@type\":\"ImageObject\",\"inLanguage\":\"pt-BR\",\"@id\":\"https:\\\/\\\/magistao.com.br\\\/loja\\\/#\\\/schema\\\/logo\\\/image\\\/\",\"url\":\"https:\\\/\\\/magistao.com.br\\\/loja\\\/wp-content\\\/uploads\\\/2025\\\/12\\\/cropped-Sem-nome-500-x-300-px-500-x-200-px.png\",\"contentUrl\":\"https:\\\/\\\/magistao.com.br\\\/loja\\\/wp-content\\\/uploads\\\/2025\\\/12\\\/cropped-Sem-nome-500-x-300-px-500-x-200-px.png\",\"width\":500,\"height\":172,\"caption\":\"Magis-TAO\"},\"image\":{\"@id\":\"https:\\\/\\\/magistao.com.br\\\/loja\\\/#\\\/schema\\\/logo\\\/image\\\/\"},\"sameAs\":[\"https:\\\/\\\/www.facebook.com\\\/magistao\\\/\"]}]}<\/script>\n<!-- \/ Yoast SEO plugin. -->","yoast_head_json":{"title":"Controle do Apetite - 60 c\u00e1psulas - Magis-TAO","robots":{"index":"index","follow":"follow","max-snippet":"max-snippet:-1","max-image-preview":"max-image-preview:large","max-video-preview":"max-video-preview:-1"},"canonical":"https:\/\/magistao.com.br\/loja\/produto\/controle-do-apetite-60-capsulas\/","og_locale":"pt_BR","og_type":"article","og_title":"Controle do Apetite - 60 c\u00e1psulas - Magis-TAO","og_description":"F\u00f3rmula para ajudar a reduzir a fome excessiva e o impulso de beliscar entre as refei\u00e7\u00f5es.","og_url":"https:\/\/magistao.com.br\/loja\/produto\/controle-do-apetite-60-capsulas\/","og_site_name":"Magis-TAO","article_publisher":"https:\/\/www.facebook.com\/magistao\/","article_modified_time":"2026-04-07T21:03:10+00:00","og_image":[{"width":1500,"height":1500,"url":"https:\/\/magistao.com.br\/loja\/wp-content\/uploads\/2026\/03\/2.png","type":"image\/png"}],"twitter_card":"summary_large_image","twitter_misc":{"Est. tempo de leitura":"1 minuto"},"schema":{"@context":"https:\/\/schema.org","@graph":[{"@type":"WebPage","@id":"https:\/\/magistao.com.br\/loja\/produto\/controle-do-apetite-60-capsulas\/","url":"https:\/\/magistao.com.br\/loja\/produto\/controle-do-apetite-60-capsulas\/","name":"Controle do Apetite - 60 c\u00e1psulas - Magis-TAO","isPartOf":{"@id":"https:\/\/magistao.com.br\/loja\/#website"},"primaryImageOfPage":{"@id":"https:\/\/magistao.com.br\/loja\/produto\/controle-do-apetite-60-capsulas\/#primaryimage"},"image":{"@id":"https:\/\/magistao.com.br\/loja\/produto\/controle-do-apetite-60-capsulas\/#primaryimage"},"thumbnailUrl":"https:\/\/magistao.com.br\/loja\/wp-content\/uploads\/2026\/03\/2.png","datePublished":"2026-03-06T19:58:19+00:00","dateModified":"2026-04-07T21:03:10+00:00","breadcrumb":{"@id":"https:\/\/magistao.com.br\/loja\/produto\/controle-do-apetite-60-capsulas\/#breadcrumb"},"inLanguage":"pt-BR","potentialAction":[{"@type":"ReadAction","target":["https:\/\/magistao.com.br\/loja\/produto\/controle-do-apetite-60-capsulas\/"]}]},{"@type":"ImageObject","inLanguage":"pt-BR","@id":"https:\/\/magistao.com.br\/loja\/produto\/controle-do-apetite-60-capsulas\/#primaryimage","url":"https:\/\/magistao.com.br\/loja\/wp-content\/uploads\/2026\/03\/2.png","contentUrl":"https:\/\/magistao.com.br\/loja\/wp-content\/uploads\/2026\/03\/2.png","width":1500,"height":1500},{"@type":"BreadcrumbList","@id":"https:\/\/magistao.com.br\/loja\/produto\/controle-do-apetite-60-capsulas\/#breadcrumb","itemListElement":[{"@type":"ListItem","position":1,"name":"In\u00edcio","item":"https:\/\/magistao.com.br\/loja\/"},{"@type":"ListItem","position":2,"name":"Loja","item":"https:\/\/magistao.com.br\/loja\/loja\/"},{"@type":"ListItem","position":3,"name":"Controle do Apetite &#8211; 60 c\u00e1psulas"}]},{"@type":"WebSite","@id":"https:\/\/magistao.com.br\/loja\/#website","url":"https:\/\/magistao.com.br\/loja\/","name":"Magis-TAO","description":"Farm\u00e1cia de Manipula\u00e7\u00e3o","publisher":{"@id":"https:\/\/magistao.com.br\/loja\/#organization"},"potentialAction":[{"@type":"SearchAction","target":{"@type":"EntryPoint","urlTemplate":"https:\/\/magistao.com.br\/loja\/?s={search_term_string}"},"query-input":{"@type":"PropertyValueSpecification","valueRequired":true,"valueName":"search_term_string"}}],"inLanguage":"pt-BR"},{"@type":"Organization","@id":"https:\/\/magistao.com.br\/loja\/#organization","name":"Magis-TAO","url":"https:\/\/magistao.com.br\/loja\/","logo":{"@type":"ImageObject","inLanguage":"pt-BR","@id":"https:\/\/magistao.com.br\/loja\/#\/schema\/logo\/image\/","url":"https:\/\/magistao.com.br\/loja\/wp-content\/uploads\/2025\/12\/cropped-Sem-nome-500-x-300-px-500-x-200-px.png","contentUrl":"https:\/\/magistao.com.br\/loja\/wp-content\/uploads\/2025\/12\/cropped-Sem-nome-500-x-300-px-500-x-200-px.png","width":500,"height":172,"caption":"Magis-TAO"},"image":{"@id":"https:\/\/magistao.com.br\/loja\/#\/schema\/logo\/image\/"},"sameAs":["https:\/\/www.facebook.com\/magistao\/"]}]}},"_links":{"self":[{"href":"https:\/\/magistao.com.br\/loja\/wp-json\/wp\/v2\/product\/1285","targetHints":{"allow":["GET"]}}],"collection":[{"href":"https:\/\/magistao.com.br\/loja\/wp-json\/wp\/v2\/product"}],"about":[{"href":"https:\/\/magistao.com.br\/loja\/wp-json\/wp\/v2\/types\/product"}],"replies":[{"embeddable":true,"href":"https:\/\/magistao.com.br\/loja\/wp-json\/wp\/v2\/comments?post=1285"}],"wp:featuredmedia":[{"embeddable":true,"href":"https:\/\/magistao.com.br\/loja\/wp-json\/wp\/v2\/media\/1294"}],"wp:attachment":[{"href":"https:\/\/magistao.com.br\/loja\/wp-json\/wp\/v2\/media?parent=1285"}],"wp:term":[{"taxonomy":"product_brand","embeddable":true,"href":"https:\/\/magistao.com.br\/loja\/wp-json\/wp\/v2\/product_brand?post=1285"},{"taxonomy":"product_cat","embeddable":true,"href":"https:\/\/magistao.com.br\/loja\/wp-json\/wp\/v2\/product_cat?post=1285"},{"taxonomy":"product_tag","embeddable":true,"href":"https:\/\/magistao.com.br\/loja\/wp-json\/wp\/v2\/product_tag?post=1285"}],"curies":[{"name":"wp","href":"https:\/\/api.w.org\/{rel}","templated":true}]}}