{"id":1291,"date":"2026-03-06T17:28:28","date_gmt":"2026-03-06T20:28:28","guid":{"rendered":"https:\/\/loja-magistao.com.br\/?post_type=product&#038;p=1291"},"modified":"2026-04-07T18:03:11","modified_gmt":"2026-04-07T21:03:11","slug":"complexo-de-magnesio-30-capsulas","status":"publish","type":"product","link":"https:\/\/magistao.com.br\/loja\/produto\/complexo-de-magnesio-30-capsulas\/","title":{"rendered":"Complexo de Magn\u00e9sio &#8211; 30 C\u00e1psulas"},"content":{"rendered":"<h3>O que ele faz por voc\u00ea?<\/h3>\n<p>O Complexo de Magn\u00e9sio re\u00fane diferentes formas do mineral \u2014 cada uma com um ponto forte diferente. Juntas, elas ajudam os m\u00fasculos a relaxar (reduzindo c\u00e3ibras e tens\u00e3o), melhoram a qualidade do sono, diminuem a irritabilidade e d\u00e3o suporte ao funcionamento do sistema nervoso ao longo do dia.<\/p>\n<h3>Por que manipulamos essa f\u00f3rmula?<\/h3>\n<p>O farmac\u00eautico combinou diferentes formas de magn\u00e9sio porque cada uma chega a um tecido diferente do corpo \u2014 h\u00e1 formas que chegam mais ao m\u00fasculo, outras ao c\u00e9rebro e outras ao intestino. Um complexo bem formulado \u00e9 muito mais completo e eficaz do que uma \u00fanica forma isolada.<\/p>\n<h3>Qual o nosso diferencial?<\/h3>\n<p>Complexo com formas de alta absor\u00e7\u00e3o, escolhidas pelo farmac\u00eautico por suas caracter\u00edsticas espec\u00edficas. Sem \u00f3xido de magn\u00e9sio como base \u2014 a forma mais barata e menos aproveitada pelo organismo, mas a mais comum nos produtos baratos de prateleira.<\/p>\n<h3>Dica do Farmac\u00eautico<\/h3>\n<p><em>&#8220;Tome \u00e0 noite, antes de dormir. O magn\u00e9sio tem um efeito relaxante natural que prepara o corpo para o sono. Quem sofre com c\u00e3ibras frequentes costuma notar melhora em poucos dias de uso.&#8221;<\/em><\/p>\n<p><small>Apresenta\u00e7\u00e3o: 30 c\u00e1psulas<\/small><\/p>\n","protected":false},"excerpt":{"rendered":"<p>Combina as melhores formas de magn\u00e9sio para apoiar o relaxamento muscular, o sono e o equil\u00edbrio do sistema nervoso.<\/p>\n","protected":false},"featured_media":1299,"comment_status":"open","ping_status":"closed","template":"","meta":{"_joinchat":[]},"product_brand":[],"product_cat":[154,150,155,152],"product_tag":[],"class_list":{"0":"post-1291","1":"product","2":"type-product","3":"status-publish","4":"has-post-thumbnail","6":"product_cat-promocoes","7":"product_cat-sono-e-ansiedade","8":"product_cat-sono-promocao","9":"product_cat-suplementacao","11":"first","12":"instock","13":"sale","14":"shipping-taxable","15":"purchasable","16":"product-type-simple"},"yoast_head":"<!-- This site is optimized with the Yoast SEO plugin v27.3 - https:\/\/yoast.com\/product\/yoast-seo-wordpress\/ -->\n<title>Complexo de Magn\u00e9sio - 30 C\u00e1psulas - Magis-TAO<\/title>\n<meta name=\"robots\" content=\"index, follow, max-snippet:-1, max-image-preview:large, max-video-preview:-1\" \/>\n<link rel=\"canonical\" href=\"https:\/\/magistao.com.br\/loja\/produto\/complexo-de-magnesio-30-capsulas\/\" \/>\n<meta property=\"og:locale\" content=\"pt_BR\" \/>\n<meta property=\"og:type\" content=\"article\" \/>\n<meta property=\"og:title\" content=\"Complexo de Magn\u00e9sio - 30 C\u00e1psulas - Magis-TAO\" \/>\n<meta property=\"og:description\" content=\"Combina as melhores formas de magn\u00e9sio para apoiar o relaxamento muscular, o sono e o equil\u00edbrio do sistema nervoso.\" \/>\n<meta property=\"og:url\" content=\"https:\/\/magistao.com.br\/loja\/produto\/complexo-de-magnesio-30-capsulas\/\" \/>\n<meta property=\"og:site_name\" content=\"Magis-TAO\" \/>\n<meta property=\"article:publisher\" content=\"https:\/\/www.facebook.com\/magistao\/\" \/>\n<meta property=\"article:modified_time\" content=\"2026-04-07T21:03:11+00:00\" \/>\n<meta property=\"og:image\" content=\"https:\/\/magistao.com.br\/loja\/wp-content\/uploads\/2026\/03\/7.png\" \/>\n\t<meta property=\"og:image:width\" content=\"1500\" \/>\n\t<meta property=\"og:image:height\" content=\"1500\" \/>\n\t<meta property=\"og:image:type\" content=\"image\/png\" \/>\n<meta name=\"twitter:card\" content=\"summary_large_image\" \/>\n<meta name=\"twitter:label1\" content=\"Est. tempo de leitura\" \/>\n\t<meta name=\"twitter:data1\" content=\"1 minuto\" \/>\n<script type=\"application\/ld+json\" class=\"yoast-schema-graph\">{\"@context\":\"https:\\\/\\\/schema.org\",\"@graph\":[{\"@type\":\"WebPage\",\"@id\":\"https:\\\/\\\/magistao.com.br\\\/loja\\\/produto\\\/complexo-de-magnesio-30-capsulas\\\/\",\"url\":\"https:\\\/\\\/magistao.com.br\\\/loja\\\/produto\\\/complexo-de-magnesio-30-capsulas\\\/\",\"name\":\"Complexo de Magn\u00e9sio - 30 C\u00e1psulas - Magis-TAO\",\"isPartOf\":{\"@id\":\"https:\\\/\\\/magistao.com.br\\\/loja\\\/#website\"},\"primaryImageOfPage\":{\"@id\":\"https:\\\/\\\/magistao.com.br\\\/loja\\\/produto\\\/complexo-de-magnesio-30-capsulas\\\/#primaryimage\"},\"image\":{\"@id\":\"https:\\\/\\\/magistao.com.br\\\/loja\\\/produto\\\/complexo-de-magnesio-30-capsulas\\\/#primaryimage\"},\"thumbnailUrl\":\"https:\\\/\\\/magistao.com.br\\\/loja\\\/wp-content\\\/uploads\\\/2026\\\/03\\\/7.png\",\"datePublished\":\"2026-03-06T20:28:28+00:00\",\"dateModified\":\"2026-04-07T21:03:11+00:00\",\"breadcrumb\":{\"@id\":\"https:\\\/\\\/magistao.com.br\\\/loja\\\/produto\\\/complexo-de-magnesio-30-capsulas\\\/#breadcrumb\"},\"inLanguage\":\"pt-BR\",\"potentialAction\":[{\"@type\":\"ReadAction\",\"target\":[\"https:\\\/\\\/magistao.com.br\\\/loja\\\/produto\\\/complexo-de-magnesio-30-capsulas\\\/\"]}]},{\"@type\":\"ImageObject\",\"inLanguage\":\"pt-BR\",\"@id\":\"https:\\\/\\\/magistao.com.br\\\/loja\\\/produto\\\/complexo-de-magnesio-30-capsulas\\\/#primaryimage\",\"url\":\"https:\\\/\\\/magistao.com.br\\\/loja\\\/wp-content\\\/uploads\\\/2026\\\/03\\\/7.png\",\"contentUrl\":\"https:\\\/\\\/magistao.com.br\\\/loja\\\/wp-content\\\/uploads\\\/2026\\\/03\\\/7.png\",\"width\":1500,\"height\":1500},{\"@type\":\"BreadcrumbList\",\"@id\":\"https:\\\/\\\/magistao.com.br\\\/loja\\\/produto\\\/complexo-de-magnesio-30-capsulas\\\/#breadcrumb\",\"itemListElement\":[{\"@type\":\"ListItem\",\"position\":1,\"name\":\"In\u00edcio\",\"item\":\"https:\\\/\\\/magistao.com.br\\\/loja\\\/\"},{\"@type\":\"ListItem\",\"position\":2,\"name\":\"Loja\",\"item\":\"https:\\\/\\\/magistao.com.br\\\/loja\\\/loja\\\/\"},{\"@type\":\"ListItem\",\"position\":3,\"name\":\"Complexo de Magn\u00e9sio &#8211; 30 C\u00e1psulas\"}]},{\"@type\":\"WebSite\",\"@id\":\"https:\\\/\\\/magistao.com.br\\\/loja\\\/#website\",\"url\":\"https:\\\/\\\/magistao.com.br\\\/loja\\\/\",\"name\":\"Magis-TAO\",\"description\":\"Farm\u00e1cia de Manipula\u00e7\u00e3o\",\"publisher\":{\"@id\":\"https:\\\/\\\/magistao.com.br\\\/loja\\\/#organization\"},\"potentialAction\":[{\"@type\":\"SearchAction\",\"target\":{\"@type\":\"EntryPoint\",\"urlTemplate\":\"https:\\\/\\\/magistao.com.br\\\/loja\\\/?s={search_term_string}\"},\"query-input\":{\"@type\":\"PropertyValueSpecification\",\"valueRequired\":true,\"valueName\":\"search_term_string\"}}],\"inLanguage\":\"pt-BR\"},{\"@type\":\"Organization\",\"@id\":\"https:\\\/\\\/magistao.com.br\\\/loja\\\/#organization\",\"name\":\"Magis-TAO\",\"url\":\"https:\\\/\\\/magistao.com.br\\\/loja\\\/\",\"logo\":{\"@type\":\"ImageObject\",\"inLanguage\":\"pt-BR\",\"@id\":\"https:\\\/\\\/magistao.com.br\\\/loja\\\/#\\\/schema\\\/logo\\\/image\\\/\",\"url\":\"https:\\\/\\\/magistao.com.br\\\/loja\\\/wp-content\\\/uploads\\\/2025\\\/12\\\/cropped-Sem-nome-500-x-300-px-500-x-200-px.png\",\"contentUrl\":\"https:\\\/\\\/magistao.com.br\\\/loja\\\/wp-content\\\/uploads\\\/2025\\\/12\\\/cropped-Sem-nome-500-x-300-px-500-x-200-px.png\",\"width\":500,\"height\":172,\"caption\":\"Magis-TAO\"},\"image\":{\"@id\":\"https:\\\/\\\/magistao.com.br\\\/loja\\\/#\\\/schema\\\/logo\\\/image\\\/\"},\"sameAs\":[\"https:\\\/\\\/www.facebook.com\\\/magistao\\\/\"]}]}<\/script>\n<!-- \/ Yoast SEO plugin. -->","yoast_head_json":{"title":"Complexo de Magn\u00e9sio - 30 C\u00e1psulas - Magis-TAO","robots":{"index":"index","follow":"follow","max-snippet":"max-snippet:-1","max-image-preview":"max-image-preview:large","max-video-preview":"max-video-preview:-1"},"canonical":"https:\/\/magistao.com.br\/loja\/produto\/complexo-de-magnesio-30-capsulas\/","og_locale":"pt_BR","og_type":"article","og_title":"Complexo de Magn\u00e9sio - 30 C\u00e1psulas - Magis-TAO","og_description":"Combina as melhores formas de magn\u00e9sio para apoiar o relaxamento muscular, o sono e o equil\u00edbrio do sistema nervoso.","og_url":"https:\/\/magistao.com.br\/loja\/produto\/complexo-de-magnesio-30-capsulas\/","og_site_name":"Magis-TAO","article_publisher":"https:\/\/www.facebook.com\/magistao\/","article_modified_time":"2026-04-07T21:03:11+00:00","og_image":[{"width":1500,"height":1500,"url":"https:\/\/magistao.com.br\/loja\/wp-content\/uploads\/2026\/03\/7.png","type":"image\/png"}],"twitter_card":"summary_large_image","twitter_misc":{"Est. tempo de leitura":"1 minuto"},"schema":{"@context":"https:\/\/schema.org","@graph":[{"@type":"WebPage","@id":"https:\/\/magistao.com.br\/loja\/produto\/complexo-de-magnesio-30-capsulas\/","url":"https:\/\/magistao.com.br\/loja\/produto\/complexo-de-magnesio-30-capsulas\/","name":"Complexo de Magn\u00e9sio - 30 C\u00e1psulas - Magis-TAO","isPartOf":{"@id":"https:\/\/magistao.com.br\/loja\/#website"},"primaryImageOfPage":{"@id":"https:\/\/magistao.com.br\/loja\/produto\/complexo-de-magnesio-30-capsulas\/#primaryimage"},"image":{"@id":"https:\/\/magistao.com.br\/loja\/produto\/complexo-de-magnesio-30-capsulas\/#primaryimage"},"thumbnailUrl":"https:\/\/magistao.com.br\/loja\/wp-content\/uploads\/2026\/03\/7.png","datePublished":"2026-03-06T20:28:28+00:00","dateModified":"2026-04-07T21:03:11+00:00","breadcrumb":{"@id":"https:\/\/magistao.com.br\/loja\/produto\/complexo-de-magnesio-30-capsulas\/#breadcrumb"},"inLanguage":"pt-BR","potentialAction":[{"@type":"ReadAction","target":["https:\/\/magistao.com.br\/loja\/produto\/complexo-de-magnesio-30-capsulas\/"]}]},{"@type":"ImageObject","inLanguage":"pt-BR","@id":"https:\/\/magistao.com.br\/loja\/produto\/complexo-de-magnesio-30-capsulas\/#primaryimage","url":"https:\/\/magistao.com.br\/loja\/wp-content\/uploads\/2026\/03\/7.png","contentUrl":"https:\/\/magistao.com.br\/loja\/wp-content\/uploads\/2026\/03\/7.png","width":1500,"height":1500},{"@type":"BreadcrumbList","@id":"https:\/\/magistao.com.br\/loja\/produto\/complexo-de-magnesio-30-capsulas\/#breadcrumb","itemListElement":[{"@type":"ListItem","position":1,"name":"In\u00edcio","item":"https:\/\/magistao.com.br\/loja\/"},{"@type":"ListItem","position":2,"name":"Loja","item":"https:\/\/magistao.com.br\/loja\/loja\/"},{"@type":"ListItem","position":3,"name":"Complexo de Magn\u00e9sio &#8211; 30 C\u00e1psulas"}]},{"@type":"WebSite","@id":"https:\/\/magistao.com.br\/loja\/#website","url":"https:\/\/magistao.com.br\/loja\/","name":"Magis-TAO","description":"Farm\u00e1cia de Manipula\u00e7\u00e3o","publisher":{"@id":"https:\/\/magistao.com.br\/loja\/#organization"},"potentialAction":[{"@type":"SearchAction","target":{"@type":"EntryPoint","urlTemplate":"https:\/\/magistao.com.br\/loja\/?s={search_term_string}"},"query-input":{"@type":"PropertyValueSpecification","valueRequired":true,"valueName":"search_term_string"}}],"inLanguage":"pt-BR"},{"@type":"Organization","@id":"https:\/\/magistao.com.br\/loja\/#organization","name":"Magis-TAO","url":"https:\/\/magistao.com.br\/loja\/","logo":{"@type":"ImageObject","inLanguage":"pt-BR","@id":"https:\/\/magistao.com.br\/loja\/#\/schema\/logo\/image\/","url":"https:\/\/magistao.com.br\/loja\/wp-content\/uploads\/2025\/12\/cropped-Sem-nome-500-x-300-px-500-x-200-px.png","contentUrl":"https:\/\/magistao.com.br\/loja\/wp-content\/uploads\/2025\/12\/cropped-Sem-nome-500-x-300-px-500-x-200-px.png","width":500,"height":172,"caption":"Magis-TAO"},"image":{"@id":"https:\/\/magistao.com.br\/loja\/#\/schema\/logo\/image\/"},"sameAs":["https:\/\/www.facebook.com\/magistao\/"]}]}},"_links":{"self":[{"href":"https:\/\/magistao.com.br\/loja\/wp-json\/wp\/v2\/product\/1291","targetHints":{"allow":["GET"]}}],"collection":[{"href":"https:\/\/magistao.com.br\/loja\/wp-json\/wp\/v2\/product"}],"about":[{"href":"https:\/\/magistao.com.br\/loja\/wp-json\/wp\/v2\/types\/product"}],"replies":[{"embeddable":true,"href":"https:\/\/magistao.com.br\/loja\/wp-json\/wp\/v2\/comments?post=1291"}],"wp:featuredmedia":[{"embeddable":true,"href":"https:\/\/magistao.com.br\/loja\/wp-json\/wp\/v2\/media\/1299"}],"wp:attachment":[{"href":"https:\/\/magistao.com.br\/loja\/wp-json\/wp\/v2\/media?parent=1291"}],"wp:term":[{"taxonomy":"product_brand","embeddable":true,"href":"https:\/\/magistao.com.br\/loja\/wp-json\/wp\/v2\/product_brand?post=1291"},{"taxonomy":"product_cat","embeddable":true,"href":"https:\/\/magistao.com.br\/loja\/wp-json\/wp\/v2\/product_cat?post=1291"},{"taxonomy":"product_tag","embeddable":true,"href":"https:\/\/magistao.com.br\/loja\/wp-json\/wp\/v2\/product_tag?post=1291"}],"curies":[{"name":"wp","href":"https:\/\/api.w.org\/{rel}","templated":true}]}}